{"id":14885,"date":"2024-04-27T10:00:08","date_gmt":"2024-04-27T07:00:08","guid":{"rendered":"https:\/\/tripy.mobi\/tripy-charge\/"},"modified":"2025-03-18T09:34:20","modified_gmt":"2025-03-18T06:34:20","slug":"tripy-charge","status":"publish","type":"page","link":"https:\/\/tripy.mobi\/en\/tripy-charge\/","title":{"rendered":"Tripy Charge"},"content":{"rendered":"<section class=\"wpb-content-wrapper\">[vc_section full_width=&#8221;stretch_row_content&#8221; full_height=&#8221;yes&#8221; content_placement=&#8221;middle&#8221; video_bg=&#8221;yes&#8221; video_bg_url=&#8221;https:\/\/www.youtube.com\/watch?v=5zI9m0ihT3Y&#8221; pix_over_visibility=&#8221;&#8221;][vc_row pix_particles_check=&#8221;&#8221;][vc_column]<div id=\"el1716631798531-952de77d-ccec\" class=\"mb-3 text-center \"><h1 class=\"mb-32 pix-sliding-headline-2 animate-in font-weight-bold secondary-font display-1 \" data-anim-type=\"pix-sliding-text\" pix-anim-delay=\"500\" data-class=\"secondary-font text-white\" style=\"\"><span class=\"slide-in-container \"><span class=\"pix-sliding-item secondary-font text-white\" style=\"transition-delay: 0ms;\">Tripy&#32;<\/span><\/span> <span class=\"slide-in-container \"><span class=\"pix-sliding-item secondary-font text-white\" style=\"transition-delay: 150ms;\">Charge&#32;<\/span><\/span> <\/h1><\/div>[\/vc_column][\/vc_row][vc_row gap=&#8221;35&#8243; pix_particles_check=&#8221;&#8221; css=&#8221;.vc_custom_1716631988884{margin-right: 5% !important;margin-left: 5% !important;}&#8221;][vc_column width=&#8221;1\/3&#8243;][\/vc_column][vc_column width=&#8221;1\/3&#8243;]<a  href=\"https:\/\/apps.apple.com\/tr\/app\/tripy-elektrikli-ara%C3%A7-%C5%9Farj-a%C4%9F%C4%B1\/id6449284253?l=tr\" class=\"btn mb-2     shadow shadow-hover-lg text-white btn-primary d-block w-100      btn-rounded btn-xl\"     ><i class=\"font-weight-bold pixicon-apple   mr-1\"><\/i> <span class=\"font-weight-bold \" >For iOS<\/span><\/a><a  href=\"https:\/\/play.google.com\/store\/apps\/datasafety?id=com.tripy.evcharging\" class=\"btn mb-2     shadow shadow-hover-lg text-white btn-primary d-block w-100      btn-rounded btn-xl\"     ><i class=\"font-weight-bold pixicon-android   mr-1\"><\/i> <span class=\"font-weight-bold \" >For Android<\/span><\/a>[\/vc_column][vc_column width=&#8221;1\/3&#8243;][\/vc_column][\/vc_row][\/vc_section]<\/section>","protected":false},"excerpt":{"rendered":"[vc_section full_width=&#8221;stretch_row_content&#8221; full_height=&#8221;yes&#8221; content_placement=&#8221;middle&#8221; video_bg=&#8221;yes&#8221; video_bg_url=&#8221;https:\/\/www.youtube.com\/watch?v=5zI9m0ihT3Y&#8221; pix_over_visibility=&#8221;&#8221;][vc_row pix_particles_check=&#8221;&#8221;][vc_column][\/vc_column][\/vc_row][vc_row gap=&#8221;35&#8243; pix_particles_check=&#8221;&#8221; css=&#8221;.vc_custom_1716631988884{margin-right: 5% !important;margin-left: 5% !important;}&#8221;][vc_column width=&#8221;1\/3&#8243;][\/vc_column][vc_column width=&#8221;1\/3&#8243;][\/vc_column][vc_column width=&#8221;1\/3&#8243;][\/vc_column][\/vc_row][\/vc_section]","protected":false},"author":1,"featured_media":0,"parent":0,"menu_order":0,"comment_status":"closed","ping_status":"closed","template":"","meta":{"inline_featured_image":false,"footnotes":""},"class_list":["post-14885","page","type-page","status-publish","hentry"],"yoast_head":"<!-- This site is optimized with the Yoast SEO Premium plugin v25.8 (Yoast SEO v25.9) - https:\/\/yoast.com\/wordpress\/plugins\/seo\/ -->\n<title>Tripy Charge &#8212; Tripy<\/title>\n<meta name=\"robots\" content=\"index, follow, max-snippet:-1, max-image-preview:large, max-video-preview:-1\" \/>\n<link rel=\"canonical\" href=\"https:\/\/tripy.mobi\/charge\/\" \/>\n<meta property=\"og:locale\" content=\"en_US\" \/>\n<meta property=\"og:type\" content=\"article\" \/>\n<meta property=\"og:title\" content=\"Tripy Charge\" \/>\n<meta property=\"og:description\" content=\"[vc_section full_width=&#8221;stretch_row_content&#8221; full_height=&#8221;yes&#8221; content_placement=&#8221;middle&#8221; video_bg=&#8221;yes&#8221; video_bg_url=&#8221;https:\/\/www.youtube.com\/watch?v=5zI9m0ihT3Y&#8221; pix_over_visibility=&#8221;&#8221;][vc_row pix_particles_check=&#8221;&#8221;][vc_column][\/vc_column][\/vc_row][vc_row gap=&#8221;35&#8243; pix_particles_check=&#8221;&#8221; css=&#8221;.vc_custom_1716631988884{margin-right: 5% !important;margin-left: 5% !important;}&#8221;][vc_column width=&#8221;1\/3&#8243;][\/vc_column][vc_column width=&#8221;1\/3&#8243;][\/vc_column][vc_column width=&#8221;1\/3&#8243;][\/vc_column][\/vc_row][\/vc_section]\" \/>\n<meta property=\"og:url\" content=\"https:\/\/tripy.mobi\/charge\/\" \/>\n<meta property=\"og:site_name\" content=\"Tripy\" \/>\n<meta property=\"article:modified_time\" content=\"2025-03-18T06:34:20+00:00\" \/>\n<meta property=\"og:image\" content=\"https:\/\/tripy.mobi\/wp-content\/uploads\/2024\/03\/tripy-bike-1.webp\" \/>\n\t<meta property=\"og:image:width\" content=\"1442\" \/>\n\t<meta property=\"og:image:height\" content=\"1018\" \/>\n\t<meta property=\"og:image:type\" content=\"image\/webp\" \/>\n<meta name=\"twitter:card\" content=\"summary_large_image\" \/>\n<meta name=\"twitter:site\" content=\"@tripymobility\" \/>\n<script type=\"application\/ld+json\" class=\"yoast-schema-graph\">{\"@context\":\"https:\/\/schema.org\",\"@graph\":[{\"@type\":\"WebPage\",\"@id\":\"https:\/\/tripy.mobi\/charge\/\",\"url\":\"https:\/\/tripy.mobi\/charge\/\",\"name\":\"Tripy Charge &#8212; Tripy\",\"isPartOf\":{\"@id\":\"https:\/\/tripy.mobi\/#website\"},\"datePublished\":\"2024-04-27T07:00:08+00:00\",\"dateModified\":\"2025-03-18T06:34:20+00:00\",\"breadcrumb\":{\"@id\":\"https:\/\/tripy.mobi\/charge\/#breadcrumb\"},\"inLanguage\":\"en-US\",\"potentialAction\":[{\"@type\":\"ReadAction\",\"target\":[\"https:\/\/tripy.mobi\/charge\/\"]}]},{\"@type\":\"BreadcrumbList\",\"@id\":\"https:\/\/tripy.mobi\/charge\/#breadcrumb\",\"itemListElement\":[{\"@type\":\"ListItem\",\"position\":1,\"name\":\"Home\",\"item\":\"https:\/\/tripy.mobi\/en\/\"},{\"@type\":\"ListItem\",\"position\":2,\"name\":\"Tripy Charge\"}]},{\"@type\":\"WebSite\",\"@id\":\"https:\/\/tripy.mobi\/#website\",\"url\":\"https:\/\/tripy.mobi\/\",\"name\":\"Tripy\",\"description\":\"The Future of Mobility!\",\"publisher\":{\"@id\":\"https:\/\/tripy.mobi\/#organization\"},\"alternateName\":\"Payla\u015f\u0131ml\u0131 Elektrikli Bisiklet - \u0130zmir, Eski\u015fehir, Sakarya, Konya\",\"potentialAction\":[{\"@type\":\"SearchAction\",\"target\":{\"@type\":\"EntryPoint\",\"urlTemplate\":\"https:\/\/tripy.mobi\/?s={search_term_string}\"},\"query-input\":{\"@type\":\"PropertyValueSpecification\",\"valueRequired\":true,\"valueName\":\"search_term_string\"}}],\"inLanguage\":\"en-US\"},{\"@type\":\"Organization\",\"@id\":\"https:\/\/tripy.mobi\/#organization\",\"name\":\"Tripy Mobility A.\u015e.\",\"alternateName\":\"Tripy\",\"url\":\"https:\/\/tripy.mobi\/\",\"logo\":{\"@type\":\"ImageObject\",\"inLanguage\":\"en-US\",\"@id\":\"https:\/\/tripy.mobi\/#\/schema\/logo\/image\/\",\"url\":\"https:\/\/tripy.mobi\/wp-content\/uploads\/2024\/04\/tripy-logo-2.svg\",\"contentUrl\":\"https:\/\/tripy.mobi\/wp-content\/uploads\/2024\/04\/tripy-logo-2.svg\",\"width\":\"1024\",\"height\":\"1024\",\"caption\":\"Tripy Mobility A.\u015e.\"},\"image\":{\"@id\":\"https:\/\/tripy.mobi\/#\/schema\/logo\/image\/\"},\"sameAs\":[\"https:\/\/x.com\/tripymobility\",\"https:\/\/www.linkedin.com\/company\/tripymobility\/\",\"https:\/\/www.instagram.com\/tripymobility\/\"],\"email\":\"destek@tripy.mobi\",\"telephone\":\"0850 208 38 98\",\"legalName\":\"Tripy Mobility A.\u015e.\"}]}<\/script>\n<!-- \/ Yoast SEO Premium plugin. -->","yoast_head_json":{"title":"Tripy Charge &#8212; Tripy","robots":{"index":"index","follow":"follow","max-snippet":"max-snippet:-1","max-image-preview":"max-image-preview:large","max-video-preview":"max-video-preview:-1"},"canonical":"https:\/\/tripy.mobi\/charge\/","og_locale":"en_US","og_type":"article","og_title":"Tripy Charge","og_description":"[vc_section full_width=&#8221;stretch_row_content&#8221; full_height=&#8221;yes&#8221; content_placement=&#8221;middle&#8221; video_bg=&#8221;yes&#8221; video_bg_url=&#8221;https:\/\/www.youtube.com\/watch?v=5zI9m0ihT3Y&#8221; pix_over_visibility=&#8221;&#8221;][vc_row pix_particles_check=&#8221;&#8221;][vc_column][\/vc_column][\/vc_row][vc_row gap=&#8221;35&#8243; pix_particles_check=&#8221;&#8221; css=&#8221;.vc_custom_1716631988884{margin-right: 5% !important;margin-left: 5% !important;}&#8221;][vc_column width=&#8221;1\/3&#8243;][\/vc_column][vc_column width=&#8221;1\/3&#8243;][\/vc_column][vc_column width=&#8221;1\/3&#8243;][\/vc_column][\/vc_row][\/vc_section]","og_url":"https:\/\/tripy.mobi\/charge\/","og_site_name":"Tripy","article_modified_time":"2025-03-18T06:34:20+00:00","og_image":[{"width":1442,"height":1018,"url":"https:\/\/tripy.mobi\/wp-content\/uploads\/2024\/03\/tripy-bike-1.webp","type":"image\/webp"}],"twitter_card":"summary_large_image","twitter_site":"@tripymobility","schema":{"@context":"https:\/\/schema.org","@graph":[{"@type":"WebPage","@id":"https:\/\/tripy.mobi\/charge\/","url":"https:\/\/tripy.mobi\/charge\/","name":"Tripy Charge &#8212; Tripy","isPartOf":{"@id":"https:\/\/tripy.mobi\/#website"},"datePublished":"2024-04-27T07:00:08+00:00","dateModified":"2025-03-18T06:34:20+00:00","breadcrumb":{"@id":"https:\/\/tripy.mobi\/charge\/#breadcrumb"},"inLanguage":"en-US","potentialAction":[{"@type":"ReadAction","target":["https:\/\/tripy.mobi\/charge\/"]}]},{"@type":"BreadcrumbList","@id":"https:\/\/tripy.mobi\/charge\/#breadcrumb","itemListElement":[{"@type":"ListItem","position":1,"name":"Home","item":"https:\/\/tripy.mobi\/en\/"},{"@type":"ListItem","position":2,"name":"Tripy Charge"}]},{"@type":"WebSite","@id":"https:\/\/tripy.mobi\/#website","url":"https:\/\/tripy.mobi\/","name":"Tripy","description":"The Future of Mobility!","publisher":{"@id":"https:\/\/tripy.mobi\/#organization"},"alternateName":"Payla\u015f\u0131ml\u0131 Elektrikli Bisiklet - \u0130zmir, Eski\u015fehir, Sakarya, Konya","potentialAction":[{"@type":"SearchAction","target":{"@type":"EntryPoint","urlTemplate":"https:\/\/tripy.mobi\/?s={search_term_string}"},"query-input":{"@type":"PropertyValueSpecification","valueRequired":true,"valueName":"search_term_string"}}],"inLanguage":"en-US"},{"@type":"Organization","@id":"https:\/\/tripy.mobi\/#organization","name":"Tripy Mobility A.\u015e.","alternateName":"Tripy","url":"https:\/\/tripy.mobi\/","logo":{"@type":"ImageObject","inLanguage":"en-US","@id":"https:\/\/tripy.mobi\/#\/schema\/logo\/image\/","url":"https:\/\/tripy.mobi\/wp-content\/uploads\/2024\/04\/tripy-logo-2.svg","contentUrl":"https:\/\/tripy.mobi\/wp-content\/uploads\/2024\/04\/tripy-logo-2.svg","width":"1024","height":"1024","caption":"Tripy Mobility A.\u015e."},"image":{"@id":"https:\/\/tripy.mobi\/#\/schema\/logo\/image\/"},"sameAs":["https:\/\/x.com\/tripymobility","https:\/\/www.linkedin.com\/company\/tripymobility\/","https:\/\/www.instagram.com\/tripymobility\/"],"email":"destek@tripy.mobi","telephone":"0850 208 38 98","legalName":"Tripy Mobility A.\u015e."}]}},"_links":{"self":[{"href":"https:\/\/tripy.mobi\/en\/wp-json\/wp\/v2\/pages\/14885","targetHints":{"allow":["GET"]}}],"collection":[{"href":"https:\/\/tripy.mobi\/en\/wp-json\/wp\/v2\/pages"}],"about":[{"href":"https:\/\/tripy.mobi\/en\/wp-json\/wp\/v2\/types\/page"}],"author":[{"embeddable":true,"href":"https:\/\/tripy.mobi\/en\/wp-json\/wp\/v2\/users\/1"}],"replies":[{"embeddable":true,"href":"https:\/\/tripy.mobi\/en\/wp-json\/wp\/v2\/comments?post=14885"}],"version-history":[{"count":5,"href":"https:\/\/tripy.mobi\/en\/wp-json\/wp\/v2\/pages\/14885\/revisions"}],"predecessor-version":[{"id":14911,"href":"https:\/\/tripy.mobi\/en\/wp-json\/wp\/v2\/pages\/14885\/revisions\/14911"}],"wp:attachment":[{"href":"https:\/\/tripy.mobi\/en\/wp-json\/wp\/v2\/media?parent=14885"}],"curies":[{"name":"wp","href":"https:\/\/api.w.org\/{rel}","templated":true}]}}