{"id":14895,"date":"2024-06-05T11:47:16","date_gmt":"2024-06-05T08:47:16","guid":{"rendered":"https:\/\/tripy.mobi\/deletion-of-account\/"},"modified":"2025-03-12T12:43:36","modified_gmt":"2025-03-12T09:43:36","slug":"deletion-of-account","status":"publish","type":"page","link":"https:\/\/tripy.mobi\/en\/deletion-of-account\/","title":{"rendered":"Deletion of Account"},"content":{"rendered":"<section class=\"wpb-content-wrapper\">[vc_section full_width=&#8221;stretch_row&#8221; pix_over_visibility=&#8221;&#8221; css=&#8221;.vc_custom_1711952666681{background-color: #ffffff !important;}&#8221;][vc_row pix_particles_check=&#8221;&#8221; css=&#8221;.vc_custom_1714588559866{padding-top: 50px !important;}&#8221;][vc_column]<div id=\"el1714588412902-811b550a-35b3\" class=\"pix-el-text   w-100  \" ><p class=\"\"><p>For security reasons, we cannot delete an account on your behalf. In order to request to delete your account, you must first log in to your account. If you want to permanently delete your account through our application, you can follow the steps below<\/p>\n<ol>\n<li>To access your profile page, click on the menu at the top left of the screen.<\/li>\n<li>Then click on the settings page in the menu.<\/li>\n<li>Click profile on the page that opens.<\/li>\n<li>Tap the \u2018Delete My Account\u2019 button at the bottom of the page.<\/li>\n<li>An information text will appear on the screen, which you should read carefully before deleting your account. Please read this text carefully.<\/li>\n<li>Complete the process by tapping the \u2018OK\u2019 button below the information text.<\/li>\n<\/ol>\n<p>Once the transaction has been successfully completed, your request for deletion of your account will have been received. Within 30 days after your request to delete your account, your account and all your data will be permanently deleted, and you will not be able to retrieve this information. <\/p>\n<\/p><\/div>[\/vc_column][\/vc_row][\/vc_section]<\/section>","protected":false},"excerpt":{"rendered":"[vc_section full_width=&#8221;stretch_row&#8221; pix_over_visibility=&#8221;&#8221; css=&#8221;.vc_custom_1711952666681{background-color: #ffffff !important;}&#8221;][vc_row pix_particles_check=&#8221;&#8221; css=&#8221;.vc_custom_1714588559866{padding-top: 50px !important;}&#8221;][vc_column][\/vc_column][\/vc_row][\/vc_section]","protected":false},"author":2,"featured_media":0,"parent":0,"menu_order":0,"comment_status":"closed","ping_status":"closed","template":"","meta":{"inline_featured_image":false,"footnotes":""},"class_list":["post-14895","page","type-page","status-publish","hentry"],"yoast_head":"<!-- This site is optimized with the Yoast SEO Premium plugin v25.8 (Yoast SEO v25.9) - https:\/\/yoast.com\/wordpress\/plugins\/seo\/ -->\n<title>Deletion of Account &#8212; Tripy<\/title>\n<meta name=\"robots\" content=\"index, follow, max-snippet:-1, max-image-preview:large, max-video-preview:-1\" \/>\n<link rel=\"canonical\" href=\"https:\/\/tripy.mobi\/hesabin-silinmesi\/\" \/>\n<meta property=\"og:locale\" content=\"en_US\" \/>\n<meta property=\"og:type\" content=\"article\" \/>\n<meta property=\"og:title\" content=\"Deletion of Account\" \/>\n<meta property=\"og:description\" content=\"[vc_section full_width=&#8221;stretch_row&#8221; pix_over_visibility=&#8221;&#8221; css=&#8221;.vc_custom_1711952666681{background-color: #ffffff !important;}&#8221;][vc_row pix_particles_check=&#8221;&#8221; css=&#8221;.vc_custom_1714588559866{padding-top: 50px !important;}&#8221;][vc_column][\/vc_column][\/vc_row][\/vc_section]\" \/>\n<meta property=\"og:url\" content=\"https:\/\/tripy.mobi\/hesabin-silinmesi\/\" \/>\n<meta property=\"og:site_name\" content=\"Tripy\" \/>\n<meta property=\"article:modified_time\" content=\"2025-03-12T09:43:36+00:00\" \/>\n<meta property=\"og:image\" content=\"https:\/\/tripy.mobi\/wp-content\/uploads\/2024\/03\/tripy-bike-1.webp\" \/>\n\t<meta property=\"og:image:width\" content=\"1442\" \/>\n\t<meta property=\"og:image:height\" content=\"1018\" \/>\n\t<meta property=\"og:image:type\" content=\"image\/webp\" \/>\n<meta name=\"twitter:card\" content=\"summary_large_image\" \/>\n<meta name=\"twitter:site\" content=\"@tripymobility\" \/>\n<script type=\"application\/ld+json\" class=\"yoast-schema-graph\">{\"@context\":\"https:\/\/schema.org\",\"@graph\":[{\"@type\":\"WebPage\",\"@id\":\"https:\/\/tripy.mobi\/hesabin-silinmesi\/\",\"url\":\"https:\/\/tripy.mobi\/hesabin-silinmesi\/\",\"name\":\"Deletion of Account &#8212; Tripy\",\"isPartOf\":{\"@id\":\"https:\/\/tripy.mobi\/#website\"},\"datePublished\":\"2024-06-05T08:47:16+00:00\",\"dateModified\":\"2025-03-12T09:43:36+00:00\",\"breadcrumb\":{\"@id\":\"https:\/\/tripy.mobi\/hesabin-silinmesi\/#breadcrumb\"},\"inLanguage\":\"en-US\",\"potentialAction\":[{\"@type\":\"ReadAction\",\"target\":[\"https:\/\/tripy.mobi\/hesabin-silinmesi\/\"]}]},{\"@type\":\"BreadcrumbList\",\"@id\":\"https:\/\/tripy.mobi\/hesabin-silinmesi\/#breadcrumb\",\"itemListElement\":[{\"@type\":\"ListItem\",\"position\":1,\"name\":\"Home\",\"item\":\"https:\/\/tripy.mobi\/en\/\"},{\"@type\":\"ListItem\",\"position\":2,\"name\":\"Deletion of Account\"}]},{\"@type\":\"WebSite\",\"@id\":\"https:\/\/tripy.mobi\/#website\",\"url\":\"https:\/\/tripy.mobi\/\",\"name\":\"Tripy\",\"description\":\"The Future of Mobility!\",\"publisher\":{\"@id\":\"https:\/\/tripy.mobi\/#organization\"},\"alternateName\":\"Payla\u015f\u0131ml\u0131 Elektrikli Bisiklet - \u0130zmir, Eski\u015fehir, Sakarya, Konya\",\"potentialAction\":[{\"@type\":\"SearchAction\",\"target\":{\"@type\":\"EntryPoint\",\"urlTemplate\":\"https:\/\/tripy.mobi\/?s={search_term_string}\"},\"query-input\":{\"@type\":\"PropertyValueSpecification\",\"valueRequired\":true,\"valueName\":\"search_term_string\"}}],\"inLanguage\":\"en-US\"},{\"@type\":\"Organization\",\"@id\":\"https:\/\/tripy.mobi\/#organization\",\"name\":\"Tripy Mobility A.\u015e.\",\"alternateName\":\"Tripy\",\"url\":\"https:\/\/tripy.mobi\/\",\"logo\":{\"@type\":\"ImageObject\",\"inLanguage\":\"en-US\",\"@id\":\"https:\/\/tripy.mobi\/#\/schema\/logo\/image\/\",\"url\":\"https:\/\/tripy.mobi\/wp-content\/uploads\/2024\/04\/tripy-logo-2.svg\",\"contentUrl\":\"https:\/\/tripy.mobi\/wp-content\/uploads\/2024\/04\/tripy-logo-2.svg\",\"width\":\"1024\",\"height\":\"1024\",\"caption\":\"Tripy Mobility A.\u015e.\"},\"image\":{\"@id\":\"https:\/\/tripy.mobi\/#\/schema\/logo\/image\/\"},\"sameAs\":[\"https:\/\/x.com\/tripymobility\",\"https:\/\/www.linkedin.com\/company\/tripymobility\/\",\"https:\/\/www.instagram.com\/tripymobility\/\"],\"email\":\"destek@tripy.mobi\",\"telephone\":\"0850 208 38 98\",\"legalName\":\"Tripy Mobility A.\u015e.\"}]}<\/script>\n<!-- \/ Yoast SEO Premium plugin. -->","yoast_head_json":{"title":"Deletion of Account &#8212; Tripy","robots":{"index":"index","follow":"follow","max-snippet":"max-snippet:-1","max-image-preview":"max-image-preview:large","max-video-preview":"max-video-preview:-1"},"canonical":"https:\/\/tripy.mobi\/hesabin-silinmesi\/","og_locale":"en_US","og_type":"article","og_title":"Deletion of Account","og_description":"[vc_section full_width=&#8221;stretch_row&#8221; pix_over_visibility=&#8221;&#8221; css=&#8221;.vc_custom_1711952666681{background-color: #ffffff !important;}&#8221;][vc_row pix_particles_check=&#8221;&#8221; css=&#8221;.vc_custom_1714588559866{padding-top: 50px !important;}&#8221;][vc_column][\/vc_column][\/vc_row][\/vc_section]","og_url":"https:\/\/tripy.mobi\/hesabin-silinmesi\/","og_site_name":"Tripy","article_modified_time":"2025-03-12T09:43:36+00:00","og_image":[{"width":1442,"height":1018,"url":"https:\/\/tripy.mobi\/wp-content\/uploads\/2024\/03\/tripy-bike-1.webp","type":"image\/webp"}],"twitter_card":"summary_large_image","twitter_site":"@tripymobility","schema":{"@context":"https:\/\/schema.org","@graph":[{"@type":"WebPage","@id":"https:\/\/tripy.mobi\/hesabin-silinmesi\/","url":"https:\/\/tripy.mobi\/hesabin-silinmesi\/","name":"Deletion of Account &#8212; Tripy","isPartOf":{"@id":"https:\/\/tripy.mobi\/#website"},"datePublished":"2024-06-05T08:47:16+00:00","dateModified":"2025-03-12T09:43:36+00:00","breadcrumb":{"@id":"https:\/\/tripy.mobi\/hesabin-silinmesi\/#breadcrumb"},"inLanguage":"en-US","potentialAction":[{"@type":"ReadAction","target":["https:\/\/tripy.mobi\/hesabin-silinmesi\/"]}]},{"@type":"BreadcrumbList","@id":"https:\/\/tripy.mobi\/hesabin-silinmesi\/#breadcrumb","itemListElement":[{"@type":"ListItem","position":1,"name":"Home","item":"https:\/\/tripy.mobi\/en\/"},{"@type":"ListItem","position":2,"name":"Deletion of Account"}]},{"@type":"WebSite","@id":"https:\/\/tripy.mobi\/#website","url":"https:\/\/tripy.mobi\/","name":"Tripy","description":"The Future of Mobility!","publisher":{"@id":"https:\/\/tripy.mobi\/#organization"},"alternateName":"Payla\u015f\u0131ml\u0131 Elektrikli Bisiklet - \u0130zmir, Eski\u015fehir, Sakarya, Konya","potentialAction":[{"@type":"SearchAction","target":{"@type":"EntryPoint","urlTemplate":"https:\/\/tripy.mobi\/?s={search_term_string}"},"query-input":{"@type":"PropertyValueSpecification","valueRequired":true,"valueName":"search_term_string"}}],"inLanguage":"en-US"},{"@type":"Organization","@id":"https:\/\/tripy.mobi\/#organization","name":"Tripy Mobility A.\u015e.","alternateName":"Tripy","url":"https:\/\/tripy.mobi\/","logo":{"@type":"ImageObject","inLanguage":"en-US","@id":"https:\/\/tripy.mobi\/#\/schema\/logo\/image\/","url":"https:\/\/tripy.mobi\/wp-content\/uploads\/2024\/04\/tripy-logo-2.svg","contentUrl":"https:\/\/tripy.mobi\/wp-content\/uploads\/2024\/04\/tripy-logo-2.svg","width":"1024","height":"1024","caption":"Tripy Mobility A.\u015e."},"image":{"@id":"https:\/\/tripy.mobi\/#\/schema\/logo\/image\/"},"sameAs":["https:\/\/x.com\/tripymobility","https:\/\/www.linkedin.com\/company\/tripymobility\/","https:\/\/www.instagram.com\/tripymobility\/"],"email":"destek@tripy.mobi","telephone":"0850 208 38 98","legalName":"Tripy Mobility A.\u015e."}]}},"_links":{"self":[{"href":"https:\/\/tripy.mobi\/en\/wp-json\/wp\/v2\/pages\/14895","targetHints":{"allow":["GET"]}}],"collection":[{"href":"https:\/\/tripy.mobi\/en\/wp-json\/wp\/v2\/pages"}],"about":[{"href":"https:\/\/tripy.mobi\/en\/wp-json\/wp\/v2\/types\/page"}],"author":[{"embeddable":true,"href":"https:\/\/tripy.mobi\/en\/wp-json\/wp\/v2\/users\/2"}],"replies":[{"embeddable":true,"href":"https:\/\/tripy.mobi\/en\/wp-json\/wp\/v2\/comments?post=14895"}],"version-history":[{"count":2,"href":"https:\/\/tripy.mobi\/en\/wp-json\/wp\/v2\/pages\/14895\/revisions"}],"predecessor-version":[{"id":15582,"href":"https:\/\/tripy.mobi\/en\/wp-json\/wp\/v2\/pages\/14895\/revisions\/15582"}],"wp:attachment":[{"href":"https:\/\/tripy.mobi\/en\/wp-json\/wp\/v2\/media?parent=14895"}],"curies":[{"name":"wp","href":"https:\/\/api.w.org\/{rel}","templated":true}]}}