{"id":14917,"date":"2024-03-31T17:33:24","date_gmt":"2024-03-31T14:33:24","guid":{"rendered":"https:\/\/tripy.mobi\/our-story\/"},"modified":"2025-04-24T12:05:29","modified_gmt":"2025-04-24T09:05:29","slug":"our-story","status":"publish","type":"page","link":"https:\/\/tripy.mobi\/en\/our-story\/","title":{"rendered":"Our Story"},"content":{"rendered":"<section class=\"wpb-content-wrapper\"><p>[vc_section full_width=&#8221;stretch_row&#8221; full_height=&#8221;yes&#8221; content_placement=&#8221;middle&#8221; pix_over_visibility=&#8221;&#8221; bottom_divider_select=&#8221;9&#8243; bottom_layers=&#8221;1&#8243; top_divider_select=&#8221;9&#8243; top_layers=&#8221;1&#8243; css=&#8221;.vc_custom_1600555595834{padding-top: 80px !important;padding-bottom: 80px !important;background-color: #f8f9fa !important;}&#8221;][vc_row full_width=&#8221;stretch_row&#8221; content_placement=&#8221;middle&#8221; pix_particles_check=&#8221;&#8221; css=&#8221;.vc_custom_1600556063714{padding-top: 20px !important;padding-bottom: 20px !important;}&#8221;][vc_column width=&#8221;1\/2&#8243;]<div class=\"text-left  vc_custom_1715332233794\"><div><h1 class=\"pix-headline my-3  slide-inverse text-primary font-weight-bold  secondary-font animate-in\" style=\"\" data-anim-type=\"fade-in-up\" data-anim-delay=\"200\" ><span>Welcome to Tripy! <\/span><span class=\"pix-words-wrapper\"><span class=\"is-visible \" ><\/span> <\/span><span><\/span><\/h1><\/div><\/div><div class=\"pix-el-text w-100   vc_custom_1711952319648\" ><div class=\"d-inline-block\" style=\"max-width:550px;\"><p class=\"text-20  text-gray-9  font-weight-bold\" ><span class=\"text-gray-9 animate-in d-inline-block\" data-anim-delay=\"300\" data-anim-type=\"fade-in-up\">Join our electric bike sharing system and help us make cities more liveable.<\/span><\/p><\/div><\/div><a  href=\"http:\/\/link.tripy.mobi\/download\" class=\"btn mb-2     shadow-lg shadow-hover-lg text-white btn-primary btn-flat d-inline-block pix-hover-item       animate-in btn-lg\"   data-anim-type=\"fade-in-left\" data-anim-delay=\"400\" ><i class=\"font-weight-bold pixicon-user-circle-1  pix-hover-left  mr-1\"><\/i> <span class=\"font-weight-bold \" >Join the Tripy family<\/span><\/a>[\/vc_column][vc_column width=&#8221;1\/2&#8243; css=&#8221;.vc_custom_1600562379998{padding-top: 30px !important;}&#8221;]<div class=\"pix-photo-stack   vc_custom_1714047944688\"><div class=\"img-el\" ><div class=\"animate-in d-inline-block w-100\" data-anim-type=\"fade-in-up\" data-anim-delay=\"600\"><img decoding=\"async\" width=\"1920\" height=\"1080\" class=\"pix-lazy rounded-lg shadow-lg shadow-hover-lg scale-sm d-inline-block\" loading=\"lazy\" data-srcset=\"https:\/\/tripy.mobi\/wp-content\/uploads\/2024\/04\/DSCF8875-300x169.jpg 300w, https:\/\/tripy.mobi\/wp-content\/uploads\/2024\/04\/DSCF8875-1024x576.jpg 1024w, https:\/\/tripy.mobi\/wp-content\/uploads\/2024\/04\/DSCF8875-768x432.jpg 768w, https:\/\/tripy.mobi\/wp-content\/uploads\/2024\/04\/DSCF8875-1536x864.jpg 1536w, https:\/\/tripy.mobi\/wp-content\/uploads\/2024\/04\/DSCF8875.jpg 1920w\" src=\"https:\/\/tripy.mobi\/wp-content\/plugins\/pixfort-core\/functions\/images\/loading.webp\" data-src=\"https:\/\/tripy.mobi\/wp-content\/uploads\/2024\/04\/DSCF8875.jpg\" alt=\"\" \/><\/div><\/div><\/div>[\/vc_column][\/vc_row][\/vc_section][vc_section full_width=&#8221;stretch_row&#8221; pix_over_visibility=&#8221;&#8221; css=&#8221;.vc_custom_1711952666681{background-color: #ffffff !important;}&#8221;][vc_row full_width=&#8221;stretch_row&#8221; gap=&#8221;20&#8243; content_placement=&#8221;middle&#8221; pix_particles_check=&#8221;&#8221; css=&#8221;.vc_custom_1711952940424{padding-top: 30px !important;padding-bottom: 30px !important;}&#8221;][vc_column width=&#8221;1\/2&#8243; content_align=&#8221;text-center&#8221;]<div class=\"d-inline-block \" ><div class=\"pix-img-el    text-left d-inline-block  w-100 rounded-0\"  ><img loading=\"lazy\" decoding=\"async\" class=\"card-img2 pix-img-elem rounded-0  h-1002\" style=\"height:auto;\" width=\"1920\" height=\"1080\" srcset=\"https:\/\/tripy.mobi\/wp-content\/uploads\/2024\/04\/DSCF22427.jpg 1920w, https:\/\/tripy.mobi\/wp-content\/uploads\/2024\/04\/DSCF22427-300x169.jpg 300w, https:\/\/tripy.mobi\/wp-content\/uploads\/2024\/04\/DSCF22427-1024x576.jpg 1024w, https:\/\/tripy.mobi\/wp-content\/uploads\/2024\/04\/DSCF22427-768x432.jpg 768w, https:\/\/tripy.mobi\/wp-content\/uploads\/2024\/04\/DSCF22427-1536x864.jpg 1536w\" sizes=\"auto, (max-width: 1920px) 100vw, 1920px\" src=\"https:\/\/tripy.mobi\/wp-content\/uploads\/2024\/04\/DSCF22427.jpg\" alt=\"\" \/><\/div><\/div>[\/vc_column][vc_column width=&#8221;1\/2&#8243;]<div class=\"pix-el-text w-100  \" ><div class=\"d-inline-block\" style=\"max-width:500px;\"><p class=\"text-20  text-heading-default  font-weight-bold\" ><span class=\"text-heading-default animate-in d-inline-block\" data-anim-delay=\"1000\" data-anim-type=\"fade-in-up\">Continuing from 2022 to the present<\/span><\/p><\/div><\/div><div id=\"el1711952606541-5b762599-6e99\" class=\"mb-3 text-left \"><div class=\"d-inline-block\" style=\"max-width:600px;\"><h2 class=\"mb-32 pix-sliding-headline-2 animate-in font-weight-bold secondary-font \" data-anim-type=\"pix-sliding-text\" pix-anim-delay=\"500\" data-class=\"secondary-font text-gradient-primary\" style=\"\"><span class=\"slide-in-container \"><span class=\"pix-sliding-item secondary-font text-gradient-primary\" style=\"transition-delay: 0ms;\">Our&#32;<\/span><\/span> <span class=\"slide-in-container \"><span class=\"pix-sliding-item secondary-font text-gradient-primary\" style=\"transition-delay: 150ms;\">Story&#32;<\/span><\/span> <\/h2><\/div><\/div><div class=\"pix-el-text w-100  \" ><div class=\"d-inline-block\" style=\"max-width:500px;\"><p class=\"text-20  text-gray-9  \" ><span class=\"text-gray-9 animate-in d-inline-block\" data-anim-delay=\"1000\" data-anim-type=\"fade-in-up\">Tripy, ak\u0131ll\u0131 \u015fehir ve payla\u015f\u0131ma dayal\u0131 teknolojilerle son kilometre \u00e7\u00f6z\u00fcmleri \u00fcretmek i\u00e7in kuruldu. Ana hedefi s\u00fcrd\u00fcr\u00fclebilir ula\u015f\u0131ma katk\u0131 sa\u011flamak ve insanlar\u0131n hayat\u0131na dokunmak<\/span><\/p><\/div><\/div>[\/vc_column][\/vc_row][vc_row full_width=&#8221;stretch_row&#8221; gap=&#8221;20&#8243; content_placement=&#8221;middle&#8221; pix_particles_check=&#8221;&#8221; css=&#8221;.vc_custom_1711952940424{padding-top: 30px !important;padding-bottom: 30px !important;}&#8221;][vc_column width=&#8221;1\/2&#8243;]<div id=\"el1711952954538-70a85000-6d0a\" class=\"mb-3 text-left \"><div class=\"d-inline-block\" style=\"max-width:600px;\"><h2 class=\"mb-32 pix-sliding-headline-2 animate-in font-weight-bold secondary-font \" data-anim-type=\"pix-sliding-text\" pix-anim-delay=\"500\" data-class=\"secondary-font text-gradient-primary\" style=\"\"><span class=\"slide-in-container \"><span class=\"pix-sliding-item secondary-font text-gradient-primary\" style=\"transition-delay: 0ms;\">Our&#32;<\/span><\/span> <span class=\"slide-in-container \"><span class=\"pix-sliding-item secondary-font text-gradient-primary\" style=\"transition-delay: 150ms;\">Mission&#32;<\/span><\/span> <\/h2><\/div><\/div><div class=\"pix-el-text w-100  \" ><div class=\"d-inline-block\" style=\"max-width:500px;\"><p class=\"text-20  text-gray-9  \" ><span class=\"text-gray-9 animate-in d-inline-block\" data-anim-delay=\"1000\" data-anim-type=\"fade-in-up\">Herkes i\u00e7in eri\u015filebilir, kullan\u0131\u015fl\u0131 ve s\u00fcrd\u00fcr\u00fclebilir ula\u015f\u0131m\u0131 sa\u011flaman\u0131n yan\u0131 s\u0131ra insanlar\u0131 harekete ge\u00e7irerek sa\u011fl\u0131kl\u0131, do\u011fa dostu bir ula\u015f\u0131m alternatifi ile son kilometre \u00e7\u00f6z\u00fcmleri sunup kentsel hareketlili\u011fi olu\u015fturmak. Elektrikli ara\u00e7 kullan\u0131m\u0131n\u0131 te\u015fvik etmek ve \u015farj istasyon a\u011f\u0131n\u0131 yayg\u0131nla\u015ft\u0131rarak ula\u015f\u0131mdaki karbon emisyonu oran\u0131n\u0131 azaltmak.<\/span><\/p><\/div><\/div>[\/vc_column][vc_column width=&#8221;1\/2&#8243; content_align=&#8221;text-center&#8221;]<div class=\"d-inline-block \" ><div class=\"pix-img-el    text-left d-inline-block  w-100 rounded-0\"  ><img loading=\"lazy\" decoding=\"async\" class=\"card-img2 pix-img-elem rounded-0  h-1002\" style=\"height:auto;\" width=\"1920\" height=\"1080\" srcset=\"https:\/\/tripy.mobi\/wp-content\/uploads\/2024\/06\/DSCF938430.webp 1920w, https:\/\/tripy.mobi\/wp-content\/uploads\/2024\/06\/DSCF938430-300x169.webp 300w, https:\/\/tripy.mobi\/wp-content\/uploads\/2024\/06\/DSCF938430-1024x576.webp 1024w, https:\/\/tripy.mobi\/wp-content\/uploads\/2024\/06\/DSCF938430-768x432.webp 768w, https:\/\/tripy.mobi\/wp-content\/uploads\/2024\/06\/DSCF938430-1536x864.webp 1536w\" sizes=\"auto, (max-width: 1920px) 100vw, 1920px\" src=\"https:\/\/tripy.mobi\/wp-content\/uploads\/2024\/06\/DSCF938430.webp\" alt=\"\" \/><\/div><\/div>[\/vc_column][\/vc_row][vc_row full_width=&#8221;stretch_row&#8221; gap=&#8221;20&#8243; content_placement=&#8221;middle&#8221; pix_particles_check=&#8221;&#8221; css=&#8221;.vc_custom_1711952940424{padding-top: 30px !important;padding-bottom: 30px !important;}&#8221;][vc_column width=&#8221;1\/2&#8243; content_align=&#8221;text-center&#8221;]<div class=\"d-inline-block \" ><div class=\"pix-img-el    text-left d-inline-block  w-100 rounded-0\"  ><img loading=\"lazy\" decoding=\"async\" class=\"card-img2 pix-img-elem rounded-0  h-1002\" style=\"height:auto;\" width=\"1920\" height=\"1080\" srcset=\"https:\/\/tripy.mobi\/wp-content\/uploads\/2024\/06\/DSCF788648.webp 1920w, https:\/\/tripy.mobi\/wp-content\/uploads\/2024\/06\/DSCF788648-300x169.webp 300w, https:\/\/tripy.mobi\/wp-content\/uploads\/2024\/06\/DSCF788648-1024x576.webp 1024w, https:\/\/tripy.mobi\/wp-content\/uploads\/2024\/06\/DSCF788648-768x432.webp 768w, https:\/\/tripy.mobi\/wp-content\/uploads\/2024\/06\/DSCF788648-1536x864.webp 1536w\" sizes=\"auto, (max-width: 1920px) 100vw, 1920px\" src=\"https:\/\/tripy.mobi\/wp-content\/uploads\/2024\/06\/DSCF788648.webp\" alt=\"\" \/><\/div><\/div>[\/vc_column][vc_column width=&#8221;1\/2&#8243;]<div id=\"el1711953284070-bf1632d0-abe3\" class=\"mb-3 text-left \"><div class=\"d-inline-block\" style=\"max-width:600px;\"><h2 class=\"mb-32 pix-sliding-headline-2 animate-in font-weight-bold secondary-font \" data-anim-type=\"pix-sliding-text\" pix-anim-delay=\"500\" data-class=\"secondary-font text-gradient-primary\" style=\"\"><span class=\"slide-in-container \"><span class=\"pix-sliding-item secondary-font text-gradient-primary\" style=\"transition-delay: 0ms;\">Our&#32;<\/span><\/span> <span class=\"slide-in-container \"><span class=\"pix-sliding-item secondary-font text-gradient-primary\" style=\"transition-delay: 150ms;\">Vision&#32;<\/span><\/span> <\/h2><\/div><\/div><div class=\"pix-el-text w-100  \" ><div class=\"d-inline-block\" style=\"max-width:500px;\"><p class=\"text-20  text-gray-9  \" ><span class=\"text-gray-9 animate-in d-inline-block\" data-anim-delay=\"1000\" data-anim-type=\"fade-in-up\">We aim to reduce the carbon footprint by reducing the use of fossil fuels and to provide people with easy access to reliable transport with our sustainable solutions. Thus, we dream of creating a more livable world by improving our environmental and social impacts.<\/span><\/p><\/div><\/div>[\/vc_column][\/vc_row][\/vc_section]<\/p>\n<\/section>","protected":false},"excerpt":{"rendered":"[vc_section full_width=&#8221;stretch_row&#8221; full_height=&#8221;yes&#8221; content_placement=&#8221;middle&#8221; pix_over_visibility=&#8221;&#8221; bottom_divider_select=&#8221;9&#8243; bottom_layers=&#8221;1&#8243; top_divider_select=&#8221;9&#8243; top_layers=&#8221;1&#8243; css=&#8221;.vc_custom_1600555595834{padding-top: 80px !important;padding-bottom: 80px !important;background-color: #f8f9fa !important;}&#8221;][vc_row full_width=&#8221;stretch_row&#8221; content_placement=&#8221;middle&#8221; pix_particles_check=&#8221;&#8221; css=&#8221;.vc_custom_1600556063714{padding-top: 20px !important;padding-bottom: 20px !important;}&#8221;][vc_column width=&#8221;1\/2&#8243;][\/vc_column][vc_column width=&#8221;1\/2&#8243; css=&#8221;.vc_custom_1600562379998{padding-top: 30px !important;}&#8221;][\/vc_column][\/vc_row][\/vc_section][vc_section full_width=&#8221;stretch_row&#8221; pix_over_visibility=&#8221;&#8221; css=&#8221;.vc_custom_1711952666681{background-color: #ffffff !important;}&#8221;][vc_row full_width=&#8221;stretch_row&#8221; gap=&#8221;20&#8243; content_placement=&#8221;middle&#8221; pix_particles_check=&#8221;&#8221; css=&#8221;.vc_custom_1711952940424{padding-top: 30px&#8230;","protected":false},"author":1,"featured_media":0,"parent":0,"menu_order":0,"comment_status":"closed","ping_status":"closed","template":"","meta":{"inline_featured_image":false,"footnotes":""},"class_list":["post-14917","page","type-page","status-publish","hentry"],"yoast_head":"<!-- This site is optimized with the Yoast SEO Premium plugin v25.8 (Yoast SEO v25.9) - https:\/\/yoast.com\/wordpress\/plugins\/seo\/ -->\n<title>Our Story &#8212; Tripy<\/title>\n<meta name=\"robots\" content=\"index, follow, max-snippet:-1, max-image-preview:large, max-video-preview:-1\" \/>\n<link rel=\"canonical\" href=\"https:\/\/tripy.mobi\/hikayemiz\/\" \/>\n<meta property=\"og:locale\" content=\"en_US\" \/>\n<meta property=\"og:type\" content=\"article\" \/>\n<meta property=\"og:title\" content=\"Our Story\" \/>\n<meta property=\"og:description\" content=\"[vc_section full_width=&#8221;stretch_row&#8221; full_height=&#8221;yes&#8221; content_placement=&#8221;middle&#8221; pix_over_visibility=&#8221;&#8221; bottom_divider_select=&#8221;9&#8243; bottom_layers=&#8221;1&#8243; top_divider_select=&#8221;9&#8243; top_layers=&#8221;1&#8243; css=&#8221;.vc_custom_1600555595834{padding-top: 80px !important;padding-bottom: 80px !important;background-color: #f8f9fa !important;}&#8221;][vc_row full_width=&#8221;stretch_row&#8221; content_placement=&#8221;middle&#8221; pix_particles_check=&#8221;&#8221; css=&#8221;.vc_custom_1600556063714{padding-top: 20px !important;padding-bottom: 20px !important;}&#8221;][vc_column width=&#8221;1\/2&#8243;][\/vc_column][vc_column width=&#8221;1\/2&#8243; css=&#8221;.vc_custom_1600562379998{padding-top: 30px !important;}&#8221;][\/vc_column][\/vc_row][\/vc_section][vc_section full_width=&#8221;stretch_row&#8221; pix_over_visibility=&#8221;&#8221; css=&#8221;.vc_custom_1711952666681{background-color: #ffffff !important;}&#8221;][vc_row full_width=&#8221;stretch_row&#8221; gap=&#8221;20&#8243; content_placement=&#8221;middle&#8221; pix_particles_check=&#8221;&#8221; css=&#8221;.vc_custom_1711952940424{padding-top: 30px...\" \/>\n<meta property=\"og:url\" content=\"https:\/\/tripy.mobi\/hikayemiz\/\" \/>\n<meta property=\"og:site_name\" content=\"Tripy\" \/>\n<meta property=\"article:modified_time\" content=\"2025-04-24T09:05:29+00:00\" \/>\n<meta property=\"og:image\" content=\"https:\/\/tripy.mobi\/wp-content\/uploads\/2024\/03\/tripy-bike-1.webp\" \/>\n\t<meta property=\"og:image:width\" content=\"1442\" \/>\n\t<meta property=\"og:image:height\" content=\"1018\" \/>\n\t<meta property=\"og:image:type\" content=\"image\/webp\" \/>\n<meta name=\"twitter:card\" content=\"summary_large_image\" \/>\n<meta name=\"twitter:site\" content=\"@tripymobility\" \/>\n<script type=\"application\/ld+json\" class=\"yoast-schema-graph\">{\"@context\":\"https:\/\/schema.org\",\"@graph\":[{\"@type\":\"WebPage\",\"@id\":\"https:\/\/tripy.mobi\/hikayemiz\/\",\"url\":\"https:\/\/tripy.mobi\/hikayemiz\/\",\"name\":\"Our Story &#8212; Tripy\",\"isPartOf\":{\"@id\":\"https:\/\/tripy.mobi\/#website\"},\"datePublished\":\"2024-03-31T14:33:24+00:00\",\"dateModified\":\"2025-04-24T09:05:29+00:00\",\"breadcrumb\":{\"@id\":\"https:\/\/tripy.mobi\/hikayemiz\/#breadcrumb\"},\"inLanguage\":\"en-US\",\"potentialAction\":[{\"@type\":\"ReadAction\",\"target\":[\"https:\/\/tripy.mobi\/hikayemiz\/\"]}]},{\"@type\":\"BreadcrumbList\",\"@id\":\"https:\/\/tripy.mobi\/hikayemiz\/#breadcrumb\",\"itemListElement\":[{\"@type\":\"ListItem\",\"position\":1,\"name\":\"Home\",\"item\":\"https:\/\/tripy.mobi\/en\/\"},{\"@type\":\"ListItem\",\"position\":2,\"name\":\"Our Story\"}]},{\"@type\":\"WebSite\",\"@id\":\"https:\/\/tripy.mobi\/#website\",\"url\":\"https:\/\/tripy.mobi\/\",\"name\":\"Tripy\",\"description\":\"The Future of Mobility!\",\"publisher\":{\"@id\":\"https:\/\/tripy.mobi\/#organization\"},\"alternateName\":\"Payla\u015f\u0131ml\u0131 Elektrikli Bisiklet - \u0130zmir, Eski\u015fehir, Sakarya, Konya\",\"potentialAction\":[{\"@type\":\"SearchAction\",\"target\":{\"@type\":\"EntryPoint\",\"urlTemplate\":\"https:\/\/tripy.mobi\/?s={search_term_string}\"},\"query-input\":{\"@type\":\"PropertyValueSpecification\",\"valueRequired\":true,\"valueName\":\"search_term_string\"}}],\"inLanguage\":\"en-US\"},{\"@type\":\"Organization\",\"@id\":\"https:\/\/tripy.mobi\/#organization\",\"name\":\"Tripy Mobility A.\u015e.\",\"alternateName\":\"Tripy\",\"url\":\"https:\/\/tripy.mobi\/\",\"logo\":{\"@type\":\"ImageObject\",\"inLanguage\":\"en-US\",\"@id\":\"https:\/\/tripy.mobi\/#\/schema\/logo\/image\/\",\"url\":\"https:\/\/tripy.mobi\/wp-content\/uploads\/2024\/04\/tripy-logo-2.svg\",\"contentUrl\":\"https:\/\/tripy.mobi\/wp-content\/uploads\/2024\/04\/tripy-logo-2.svg\",\"width\":\"1024\",\"height\":\"1024\",\"caption\":\"Tripy Mobility A.\u015e.\"},\"image\":{\"@id\":\"https:\/\/tripy.mobi\/#\/schema\/logo\/image\/\"},\"sameAs\":[\"https:\/\/x.com\/tripymobility\",\"https:\/\/www.linkedin.com\/company\/tripymobility\/\",\"https:\/\/www.instagram.com\/tripymobility\/\"],\"email\":\"destek@tripy.mobi\",\"telephone\":\"0850 208 38 98\",\"legalName\":\"Tripy Mobility A.\u015e.\"}]}<\/script>\n<!-- \/ Yoast SEO Premium plugin. -->","yoast_head_json":{"title":"Our Story &#8212; Tripy","robots":{"index":"index","follow":"follow","max-snippet":"max-snippet:-1","max-image-preview":"max-image-preview:large","max-video-preview":"max-video-preview:-1"},"canonical":"https:\/\/tripy.mobi\/hikayemiz\/","og_locale":"en_US","og_type":"article","og_title":"Our Story","og_description":"[vc_section full_width=&#8221;stretch_row&#8221; full_height=&#8221;yes&#8221; content_placement=&#8221;middle&#8221; pix_over_visibility=&#8221;&#8221; bottom_divider_select=&#8221;9&#8243; bottom_layers=&#8221;1&#8243; top_divider_select=&#8221;9&#8243; top_layers=&#8221;1&#8243; css=&#8221;.vc_custom_1600555595834{padding-top: 80px !important;padding-bottom: 80px !important;background-color: #f8f9fa !important;}&#8221;][vc_row full_width=&#8221;stretch_row&#8221; content_placement=&#8221;middle&#8221; pix_particles_check=&#8221;&#8221; css=&#8221;.vc_custom_1600556063714{padding-top: 20px !important;padding-bottom: 20px !important;}&#8221;][vc_column width=&#8221;1\/2&#8243;][\/vc_column][vc_column width=&#8221;1\/2&#8243; css=&#8221;.vc_custom_1600562379998{padding-top: 30px !important;}&#8221;][\/vc_column][\/vc_row][\/vc_section][vc_section full_width=&#8221;stretch_row&#8221; pix_over_visibility=&#8221;&#8221; css=&#8221;.vc_custom_1711952666681{background-color: #ffffff !important;}&#8221;][vc_row full_width=&#8221;stretch_row&#8221; gap=&#8221;20&#8243; content_placement=&#8221;middle&#8221; pix_particles_check=&#8221;&#8221; css=&#8221;.vc_custom_1711952940424{padding-top: 30px...","og_url":"https:\/\/tripy.mobi\/hikayemiz\/","og_site_name":"Tripy","article_modified_time":"2025-04-24T09:05:29+00:00","og_image":[{"width":1442,"height":1018,"url":"https:\/\/tripy.mobi\/wp-content\/uploads\/2024\/03\/tripy-bike-1.webp","type":"image\/webp"}],"twitter_card":"summary_large_image","twitter_site":"@tripymobility","schema":{"@context":"https:\/\/schema.org","@graph":[{"@type":"WebPage","@id":"https:\/\/tripy.mobi\/hikayemiz\/","url":"https:\/\/tripy.mobi\/hikayemiz\/","name":"Our Story &#8212; Tripy","isPartOf":{"@id":"https:\/\/tripy.mobi\/#website"},"datePublished":"2024-03-31T14:33:24+00:00","dateModified":"2025-04-24T09:05:29+00:00","breadcrumb":{"@id":"https:\/\/tripy.mobi\/hikayemiz\/#breadcrumb"},"inLanguage":"en-US","potentialAction":[{"@type":"ReadAction","target":["https:\/\/tripy.mobi\/hikayemiz\/"]}]},{"@type":"BreadcrumbList","@id":"https:\/\/tripy.mobi\/hikayemiz\/#breadcrumb","itemListElement":[{"@type":"ListItem","position":1,"name":"Home","item":"https:\/\/tripy.mobi\/en\/"},{"@type":"ListItem","position":2,"name":"Our Story"}]},{"@type":"WebSite","@id":"https:\/\/tripy.mobi\/#website","url":"https:\/\/tripy.mobi\/","name":"Tripy","description":"The Future of Mobility!","publisher":{"@id":"https:\/\/tripy.mobi\/#organization"},"alternateName":"Payla\u015f\u0131ml\u0131 Elektrikli Bisiklet - \u0130zmir, Eski\u015fehir, Sakarya, Konya","potentialAction":[{"@type":"SearchAction","target":{"@type":"EntryPoint","urlTemplate":"https:\/\/tripy.mobi\/?s={search_term_string}"},"query-input":{"@type":"PropertyValueSpecification","valueRequired":true,"valueName":"search_term_string"}}],"inLanguage":"en-US"},{"@type":"Organization","@id":"https:\/\/tripy.mobi\/#organization","name":"Tripy Mobility A.\u015e.","alternateName":"Tripy","url":"https:\/\/tripy.mobi\/","logo":{"@type":"ImageObject","inLanguage":"en-US","@id":"https:\/\/tripy.mobi\/#\/schema\/logo\/image\/","url":"https:\/\/tripy.mobi\/wp-content\/uploads\/2024\/04\/tripy-logo-2.svg","contentUrl":"https:\/\/tripy.mobi\/wp-content\/uploads\/2024\/04\/tripy-logo-2.svg","width":"1024","height":"1024","caption":"Tripy Mobility A.\u015e."},"image":{"@id":"https:\/\/tripy.mobi\/#\/schema\/logo\/image\/"},"sameAs":["https:\/\/x.com\/tripymobility","https:\/\/www.linkedin.com\/company\/tripymobility\/","https:\/\/www.instagram.com\/tripymobility\/"],"email":"destek@tripy.mobi","telephone":"0850 208 38 98","legalName":"Tripy Mobility A.\u015e."}]}},"_links":{"self":[{"href":"https:\/\/tripy.mobi\/en\/wp-json\/wp\/v2\/pages\/14917","targetHints":{"allow":["GET"]}}],"collection":[{"href":"https:\/\/tripy.mobi\/en\/wp-json\/wp\/v2\/pages"}],"about":[{"href":"https:\/\/tripy.mobi\/en\/wp-json\/wp\/v2\/types\/page"}],"author":[{"embeddable":true,"href":"https:\/\/tripy.mobi\/en\/wp-json\/wp\/v2\/users\/1"}],"replies":[{"embeddable":true,"href":"https:\/\/tripy.mobi\/en\/wp-json\/wp\/v2\/comments?post=14917"}],"version-history":[{"count":4,"href":"https:\/\/tripy.mobi\/en\/wp-json\/wp\/v2\/pages\/14917\/revisions"}],"predecessor-version":[{"id":15682,"href":"https:\/\/tripy.mobi\/en\/wp-json\/wp\/v2\/pages\/14917\/revisions\/15682"}],"wp:attachment":[{"href":"https:\/\/tripy.mobi\/en\/wp-json\/wp\/v2\/media?parent=14917"}],"curies":[{"name":"wp","href":"https:\/\/api.w.org\/{rel}","templated":true}]}}