{"id":15465,"date":"2025-03-07T17:16:14","date_gmt":"2025-03-07T14:16:14","guid":{"rendered":"https:\/\/tripy.mobi\/documents-and-certificates\/"},"modified":"2025-06-04T11:32:42","modified_gmt":"2025-06-04T08:32:42","slug":"documents-and-certificates","status":"publish","type":"page","link":"https:\/\/tripy.mobi\/en\/documents-and-certificates\/","title":{"rendered":"Our Documents"},"content":{"rendered":"<section class=\"wpb-content-wrapper\">[vc_section full_width=&#8221;stretch_row&#8221; pix_over_visibility=&#8221;&#8221;][vc_row content_placement=&#8221;middle&#8221; pix_particles_check=&#8221;&#8221; css=&#8221;.vc_custom_1714197146063{margin-top: 50px !important;}&#8221;][vc_column]<div class=\"pix-el-text w-100   vc_custom_1742723321100\" ><p class=\"text-20  text-gray-9  \" >Tripy aims to carry its service standards to the highest level by continuously reviewing and improving all its processes in line with its quality-oriented approach. In this context, by working in compliance with national and international quality management systems, Tripy continuously improves its practices to increase customer satisfaction, employee safety and operational efficiency.<\/p><\/div><div class=\"accordion w-100 accordion-card bg-white2 rounded-lg2 \" id=\"accordion-1714197324329-6993159f-2803\"><div class=\"card \">\n           <div class=\"card-header bg-white pix-mb-10 shadow-sm rounded-lg\" id=\"heading1714197324354-559ab58c-62671742723259018\">\n               <button class=\"btn btn-link text-left rounded-lg bg-primary\" type=\"button\" data-toggle=\"collapse\" data-target=\"#collapse1714197324354-559ab58c-62671742723259018\" aria-expanded=\"true\" aria-controls=\"collapse1714197324354-559ab58c-62671742723259018\" ><i class=\"pixicon-file-text text-white text-20 pix-mr-10\" ><\/i> <span class=\"font-weight-bold text-white\" >Tripy ISO 9001:2015<\/span><\/button>\n           <\/div>\n           <div id=\"collapse1714197324354-559ab58c-62671742723259018\" class=\"collapse  \" aria-labelledby=\"heading1714197324354-559ab58c-62671742723259018\">\n             <div class=\"card-body\">\n                 <a  href=\"https:\/\/tripy.mobi\/wp-content\/uploads\/2025\/03\/Tripy-Mobility-ISO-9001-2015.pdf\" class=\"btn mb-2    vc_custom_1741588265704  text-heading-default btn-underline-primary d-block w-100   text-left    btn-lg\" target=\"_blank\" rel=\"noopener\"    ><i class=\"font-weight-bold pixicon-file-certificate   mr-1\"><\/i> <span class=\"font-weight-bold  text-heading-default\" >Tripy ISO 9001:2015<\/span><\/a>\n             <\/div>\n           <\/div>\n         <\/div><div class=\"card \">\n           <div class=\"card-header bg-white pix-mb-10 shadow-sm rounded-lg\" id=\"heading1714197476702-9bf01aac-562d1742723259018\">\n               <button class=\"btn btn-link text-left rounded-lg bg-primary\" type=\"button\" data-toggle=\"collapse\" data-target=\"#collapse1714197476702-9bf01aac-562d1742723259018\" aria-expanded=\"true\" aria-controls=\"collapse1714197476702-9bf01aac-562d1742723259018\" ><i class=\"pixicon-file-text text-white text-20 pix-mr-10\" ><\/i> <span class=\"font-weight-bold text-white\" >Tripy ISO 14001:2015<\/span><\/button>\n           <\/div>\n           <div id=\"collapse1714197476702-9bf01aac-562d1742723259018\" class=\"collapse  \" aria-labelledby=\"heading1714197476702-9bf01aac-562d1742723259018\">\n             <div class=\"card-body\">\n                 <div class=\"d-block w-100 text-left\"><a  href=\"https:\/\/tripy.mobi\/wp-content\/uploads\/2025\/03\/Tripy-Mobility-ISO-14001-2015.pdf\" class=\"btn mb-2    vc_custom_1741588381380  text-heading-default btn-underline-primary d-block w-100   text-left    pix-btn-div btn-lg\" target=\"_blank\" rel=\"noopener\"    ><i class=\"font-weight-bold pixicon-file-certificate   mr-1\"><\/i> <span class=\"font-weight-bold  text-heading-default\" >Tripy ISO 14001:2015<\/span><\/a><\/div>\n             <\/div>\n           <\/div>\n         <\/div><div class=\"card \">\n           <div class=\"card-header bg-white pix-mb-10 shadow-sm rounded-lg\" id=\"heading1714197592782-565df93f-86561742723259018\">\n               <button class=\"btn btn-link text-left rounded-lg bg-primary\" type=\"button\" data-toggle=\"collapse\" data-target=\"#collapse1714197592782-565df93f-86561742723259018\" aria-expanded=\"true\" aria-controls=\"collapse1714197592782-565df93f-86561742723259018\" ><i class=\"pixicon-file-text text-white text-20 pix-mr-10\" ><\/i> <span class=\"font-weight-bold text-white\" >Tripy ISO 20000-1:2018<\/span><\/button>\n           <\/div>\n           <div id=\"collapse1714197592782-565df93f-86561742723259018\" class=\"collapse  \" aria-labelledby=\"heading1714197592782-565df93f-86561742723259018\">\n             <div class=\"card-body\">\n                 <a  href=\"https:\/\/tripy.mobi\/wp-content\/uploads\/2025\/03\/Tripy-Mobility-ISO-20000-2018.pdf\" class=\"btn mb-2    vc_custom_1741588426723  text-heading-default btn-underline-primary d-block w-100   text-left    btn-lg\" target=\"_blank\" rel=\"noopener\"    ><i class=\"font-weight-bold pixicon-file-certificate   mr-1\"><\/i> <span class=\"font-weight-bold  text-heading-default\" >Tripy ISO 20000-1:2018<\/span><\/a>\n             <\/div>\n           <\/div>\n         <\/div><\/div><div class=\"accordion w-100 accordion-card bg-white2 rounded-lg2 \" id=\"accordion-1742723370218-41c99e2f-6511\"><div class=\"card \">\n           <div class=\"card-header bg-white pix-mb-10 shadow-sm rounded-lg\" id=\"heading1742723370218-ea160392-946b\">\n               <button class=\"btn btn-link text-left rounded-lg bg-primary\" type=\"button\" data-toggle=\"collapse\" data-target=\"#collapse1742723370218-ea160392-946b\" aria-expanded=\"true\" aria-controls=\"collapse1742723370218-ea160392-946b\" ><i class=\"pixicon-file-text text-white text-20 pix-mr-10\" ><\/i> <span class=\"font-weight-bold text-white\" >Tripy ISO 27001:2022<\/span><\/button>\n           <\/div>\n           <div id=\"collapse1742723370218-ea160392-946b\" class=\"collapse  \" aria-labelledby=\"heading1742723370218-ea160392-946b\">\n             <div class=\"card-body\">\n                 <a  href=\"https:\/\/tripy.mobi\/wp-content\/uploads\/2025\/03\/Tripy-Mobility-ISO-27001-2022.pdf\" class=\"btn mb-2    vc_custom_1742723420632  text-heading-default btn-underline-primary d-block w-100   text-left    btn-lg\" target=\"_blank\" rel=\"noopener\"    ><i class=\"font-weight-bold pixicon-file-certificate   mr-1\"><\/i> <span class=\"font-weight-bold  text-heading-default\" >Tripy ISO 27001:2022<\/span><\/a>\n             <\/div>\n           <\/div>\n         <\/div><div class=\"card \">\n           <div class=\"card-header bg-white pix-mb-10 shadow-sm rounded-lg\" id=\"heading1742723370220-5306f752-b5e8\">\n               <button class=\"btn btn-link text-left rounded-lg bg-primary\" type=\"button\" data-toggle=\"collapse\" data-target=\"#collapse1742723370220-5306f752-b5e8\" aria-expanded=\"true\" aria-controls=\"collapse1742723370220-5306f752-b5e8\" ><i class=\"pixicon-file-text text-white text-20 pix-mr-10\" ><\/i> <span class=\"font-weight-bold text-white\" >Tripy ISO 45001:2018<\/span><\/button>\n           <\/div>\n           <div id=\"collapse1742723370220-5306f752-b5e8\" class=\"collapse  \" aria-labelledby=\"heading1742723370220-5306f752-b5e8\">\n             <div class=\"card-body\">\n                 <a  href=\"https:\/\/tripy.mobi\/wp-content\/uploads\/2025\/03\/Tripy-Mobility-ISO-45001-2018.pdf\" class=\"btn mb-2    vc_custom_1742723436549  text-heading-default btn-underline-primary d-block w-100   text-left    btn-lg\" target=\"_blank\" rel=\"noopener\"    ><i class=\"font-weight-bold pixicon-file-certificate   mr-1\"><\/i> <span class=\"font-weight-bold  text-heading-default\" >Tripy ISO 45001:2018<\/span><\/a>\n             <\/div>\n           <\/div>\n         <\/div><div class=\"card \">\n           <div class=\"card-header bg-white pix-mb-10 shadow-sm rounded-lg\" id=\"heading1742723370220-22ee8c65-419b\">\n               <button class=\"btn btn-link text-left rounded-lg bg-primary\" type=\"button\" data-toggle=\"collapse\" data-target=\"#collapse1742723370220-22ee8c65-419b\" aria-expanded=\"true\" aria-controls=\"collapse1742723370220-22ee8c65-419b\" ><i class=\"pixicon-file-text text-white text-20 pix-mr-10\" ><\/i> <span class=\"font-weight-bold text-white\" >Tripy ISO 39001:2013<\/span><\/button>\n           <\/div>\n           <div id=\"collapse1742723370220-22ee8c65-419b\" class=\"collapse  \" aria-labelledby=\"heading1742723370220-22ee8c65-419b\">\n             <div class=\"card-body\">\n                 <a  href=\"https:\/\/tripy.mobi\/wp-content\/uploads\/2025\/03\/Tripy-Mobility-ISO-39001-2013.pdf\" class=\"btn mb-2    vc_custom_1742723452373  text-heading-default btn-underline-primary d-block w-100   text-left    btn-lg\" target=\"_blank\" rel=\"noopener\"    ><i class=\"font-weight-bold pixicon-file-certificate   mr-1\"><\/i> <span class=\"font-weight-bold  text-heading-default\" >Tripy ISO 39001:2013<\/span><\/a>\n             <\/div>\n           <\/div>\n         <\/div><\/div>[\/vc_column][\/vc_row][\/vc_section]<\/section>","protected":false},"excerpt":{"rendered":"[vc_section full_width=&#8221;stretch_row&#8221; pix_over_visibility=&#8221;&#8221;][vc_row content_placement=&#8221;middle&#8221; pix_particles_check=&#8221;&#8221; css=&#8221;.vc_custom_1714197146063{margin-top: 50px !important;}&#8221;][vc_column][\/vc_column][\/vc_row][\/vc_section]","protected":false},"author":2,"featured_media":0,"parent":0,"menu_order":0,"comment_status":"closed","ping_status":"closed","template":"","meta":{"inline_featured_image":false,"footnotes":""},"class_list":["post-15465","page","type-page","status-publish","hentry"],"yoast_head":"<!-- This site is optimized with the Yoast SEO Premium plugin v25.8 (Yoast SEO v25.9) - https:\/\/yoast.com\/wordpress\/plugins\/seo\/ -->\n<title>Our Documents &#8212; Tripy<\/title>\n<meta name=\"robots\" content=\"index, follow, max-snippet:-1, max-image-preview:large, max-video-preview:-1\" \/>\n<link rel=\"canonical\" href=\"https:\/\/tripy.mobi\/belgelerimiz\/\" \/>\n<meta property=\"og:locale\" content=\"en_US\" \/>\n<meta property=\"og:type\" content=\"article\" \/>\n<meta property=\"og:title\" content=\"Our Documents\" \/>\n<meta property=\"og:description\" content=\"[vc_section full_width=&#8221;stretch_row&#8221; pix_over_visibility=&#8221;&#8221;][vc_row content_placement=&#8221;middle&#8221; pix_particles_check=&#8221;&#8221; css=&#8221;.vc_custom_1714197146063{margin-top: 50px !important;}&#8221;][vc_column][\/vc_column][\/vc_row][\/vc_section]\" \/>\n<meta property=\"og:url\" content=\"https:\/\/tripy.mobi\/belgelerimiz\/\" \/>\n<meta property=\"og:site_name\" content=\"Tripy\" \/>\n<meta property=\"article:modified_time\" content=\"2025-06-04T08:32:42+00:00\" \/>\n<meta property=\"og:image\" content=\"https:\/\/tripy.mobi\/wp-content\/uploads\/2024\/03\/tripy-bike-1.webp\" \/>\n\t<meta property=\"og:image:width\" content=\"1442\" \/>\n\t<meta property=\"og:image:height\" content=\"1018\" \/>\n\t<meta property=\"og:image:type\" content=\"image\/webp\" \/>\n<meta name=\"twitter:card\" content=\"summary_large_image\" \/>\n<meta name=\"twitter:site\" content=\"@tripymobility\" \/>\n<script type=\"application\/ld+json\" class=\"yoast-schema-graph\">{\"@context\":\"https:\/\/schema.org\",\"@graph\":[{\"@type\":\"WebPage\",\"@id\":\"https:\/\/tripy.mobi\/belgelerimiz\/\",\"url\":\"https:\/\/tripy.mobi\/belgelerimiz\/\",\"name\":\"Our Documents &#8212; Tripy\",\"isPartOf\":{\"@id\":\"https:\/\/tripy.mobi\/#website\"},\"datePublished\":\"2025-03-07T14:16:14+00:00\",\"dateModified\":\"2025-06-04T08:32:42+00:00\",\"breadcrumb\":{\"@id\":\"https:\/\/tripy.mobi\/belgelerimiz\/#breadcrumb\"},\"inLanguage\":\"en-US\",\"potentialAction\":[{\"@type\":\"ReadAction\",\"target\":[\"https:\/\/tripy.mobi\/belgelerimiz\/\"]}]},{\"@type\":\"BreadcrumbList\",\"@id\":\"https:\/\/tripy.mobi\/belgelerimiz\/#breadcrumb\",\"itemListElement\":[{\"@type\":\"ListItem\",\"position\":1,\"name\":\"Home\",\"item\":\"https:\/\/tripy.mobi\/en\/\"},{\"@type\":\"ListItem\",\"position\":2,\"name\":\"Our Documents\"}]},{\"@type\":\"WebSite\",\"@id\":\"https:\/\/tripy.mobi\/#website\",\"url\":\"https:\/\/tripy.mobi\/\",\"name\":\"Tripy\",\"description\":\"The Future of Mobility!\",\"publisher\":{\"@id\":\"https:\/\/tripy.mobi\/#organization\"},\"alternateName\":\"Payla\u015f\u0131ml\u0131 Elektrikli Bisiklet - \u0130zmir, Eski\u015fehir, Sakarya, Konya\",\"potentialAction\":[{\"@type\":\"SearchAction\",\"target\":{\"@type\":\"EntryPoint\",\"urlTemplate\":\"https:\/\/tripy.mobi\/?s={search_term_string}\"},\"query-input\":{\"@type\":\"PropertyValueSpecification\",\"valueRequired\":true,\"valueName\":\"search_term_string\"}}],\"inLanguage\":\"en-US\"},{\"@type\":\"Organization\",\"@id\":\"https:\/\/tripy.mobi\/#organization\",\"name\":\"Tripy Mobility A.\u015e.\",\"alternateName\":\"Tripy\",\"url\":\"https:\/\/tripy.mobi\/\",\"logo\":{\"@type\":\"ImageObject\",\"inLanguage\":\"en-US\",\"@id\":\"https:\/\/tripy.mobi\/#\/schema\/logo\/image\/\",\"url\":\"https:\/\/tripy.mobi\/wp-content\/uploads\/2024\/04\/tripy-logo-2.svg\",\"contentUrl\":\"https:\/\/tripy.mobi\/wp-content\/uploads\/2024\/04\/tripy-logo-2.svg\",\"width\":\"1024\",\"height\":\"1024\",\"caption\":\"Tripy Mobility A.\u015e.\"},\"image\":{\"@id\":\"https:\/\/tripy.mobi\/#\/schema\/logo\/image\/\"},\"sameAs\":[\"https:\/\/x.com\/tripymobility\",\"https:\/\/www.linkedin.com\/company\/tripymobility\/\",\"https:\/\/www.instagram.com\/tripymobility\/\"],\"email\":\"destek@tripy.mobi\",\"telephone\":\"0850 208 38 98\",\"legalName\":\"Tripy Mobility A.\u015e.\"}]}<\/script>\n<!-- \/ Yoast SEO Premium plugin. -->","yoast_head_json":{"title":"Our Documents &#8212; Tripy","robots":{"index":"index","follow":"follow","max-snippet":"max-snippet:-1","max-image-preview":"max-image-preview:large","max-video-preview":"max-video-preview:-1"},"canonical":"https:\/\/tripy.mobi\/belgelerimiz\/","og_locale":"en_US","og_type":"article","og_title":"Our Documents","og_description":"[vc_section full_width=&#8221;stretch_row&#8221; pix_over_visibility=&#8221;&#8221;][vc_row content_placement=&#8221;middle&#8221; pix_particles_check=&#8221;&#8221; css=&#8221;.vc_custom_1714197146063{margin-top: 50px !important;}&#8221;][vc_column][\/vc_column][\/vc_row][\/vc_section]","og_url":"https:\/\/tripy.mobi\/belgelerimiz\/","og_site_name":"Tripy","article_modified_time":"2025-06-04T08:32:42+00:00","og_image":[{"width":1442,"height":1018,"url":"https:\/\/tripy.mobi\/wp-content\/uploads\/2024\/03\/tripy-bike-1.webp","type":"image\/webp"}],"twitter_card":"summary_large_image","twitter_site":"@tripymobility","schema":{"@context":"https:\/\/schema.org","@graph":[{"@type":"WebPage","@id":"https:\/\/tripy.mobi\/belgelerimiz\/","url":"https:\/\/tripy.mobi\/belgelerimiz\/","name":"Our Documents &#8212; Tripy","isPartOf":{"@id":"https:\/\/tripy.mobi\/#website"},"datePublished":"2025-03-07T14:16:14+00:00","dateModified":"2025-06-04T08:32:42+00:00","breadcrumb":{"@id":"https:\/\/tripy.mobi\/belgelerimiz\/#breadcrumb"},"inLanguage":"en-US","potentialAction":[{"@type":"ReadAction","target":["https:\/\/tripy.mobi\/belgelerimiz\/"]}]},{"@type":"BreadcrumbList","@id":"https:\/\/tripy.mobi\/belgelerimiz\/#breadcrumb","itemListElement":[{"@type":"ListItem","position":1,"name":"Home","item":"https:\/\/tripy.mobi\/en\/"},{"@type":"ListItem","position":2,"name":"Our Documents"}]},{"@type":"WebSite","@id":"https:\/\/tripy.mobi\/#website","url":"https:\/\/tripy.mobi\/","name":"Tripy","description":"The Future of Mobility!","publisher":{"@id":"https:\/\/tripy.mobi\/#organization"},"alternateName":"Payla\u015f\u0131ml\u0131 Elektrikli Bisiklet - \u0130zmir, Eski\u015fehir, Sakarya, Konya","potentialAction":[{"@type":"SearchAction","target":{"@type":"EntryPoint","urlTemplate":"https:\/\/tripy.mobi\/?s={search_term_string}"},"query-input":{"@type":"PropertyValueSpecification","valueRequired":true,"valueName":"search_term_string"}}],"inLanguage":"en-US"},{"@type":"Organization","@id":"https:\/\/tripy.mobi\/#organization","name":"Tripy Mobility A.\u015e.","alternateName":"Tripy","url":"https:\/\/tripy.mobi\/","logo":{"@type":"ImageObject","inLanguage":"en-US","@id":"https:\/\/tripy.mobi\/#\/schema\/logo\/image\/","url":"https:\/\/tripy.mobi\/wp-content\/uploads\/2024\/04\/tripy-logo-2.svg","contentUrl":"https:\/\/tripy.mobi\/wp-content\/uploads\/2024\/04\/tripy-logo-2.svg","width":"1024","height":"1024","caption":"Tripy Mobility A.\u015e."},"image":{"@id":"https:\/\/tripy.mobi\/#\/schema\/logo\/image\/"},"sameAs":["https:\/\/x.com\/tripymobility","https:\/\/www.linkedin.com\/company\/tripymobility\/","https:\/\/www.instagram.com\/tripymobility\/"],"email":"destek@tripy.mobi","telephone":"0850 208 38 98","legalName":"Tripy Mobility A.\u015e."}]}},"_links":{"self":[{"href":"https:\/\/tripy.mobi\/en\/wp-json\/wp\/v2\/pages\/15465","targetHints":{"allow":["GET"]}}],"collection":[{"href":"https:\/\/tripy.mobi\/en\/wp-json\/wp\/v2\/pages"}],"about":[{"href":"https:\/\/tripy.mobi\/en\/wp-json\/wp\/v2\/types\/page"}],"author":[{"embeddable":true,"href":"https:\/\/tripy.mobi\/en\/wp-json\/wp\/v2\/users\/2"}],"replies":[{"embeddable":true,"href":"https:\/\/tripy.mobi\/en\/wp-json\/wp\/v2\/comments?post=15465"}],"version-history":[{"count":6,"href":"https:\/\/tripy.mobi\/en\/wp-json\/wp\/v2\/pages\/15465\/revisions"}],"predecessor-version":[{"id":15688,"href":"https:\/\/tripy.mobi\/en\/wp-json\/wp\/v2\/pages\/15465\/revisions\/15688"}],"wp:attachment":[{"href":"https:\/\/tripy.mobi\/en\/wp-json\/wp\/v2\/media?parent=15465"}],"curies":[{"name":"wp","href":"https:\/\/api.w.org\/{rel}","templated":true}]}}