{"id":15511,"date":"2025-03-10T10:22:15","date_gmt":"2025-03-10T07:22:15","guid":{"rendered":"https:\/\/tripy.mobi\/our-policies\/"},"modified":"2025-03-12T12:50:19","modified_gmt":"2025-03-12T09:50:19","slug":"our-policies","status":"publish","type":"page","link":"https:\/\/tripy.mobi\/en\/our-policies\/","title":{"rendered":"Our Policies"},"content":{"rendered":"<section class=\"wpb-content-wrapper\">[vc_section full_width=&#8221;stretch_row&#8221; pix_over_visibility=&#8221;&#8221; bottom_divider_select=&#8221;19&#8243; bottom_layers=&#8221;1&#8243; b_has_animation=&#8221;true&#8221; css=&#8221;.vc_custom_1741588054981{padding-top: 40px !important;padding-bottom: 40px !important;background-color: #f7f7f7 !important;}&#8221;][vc_row content_placement=&#8221;middle&#8221; pix_particles_check=&#8221;&#8221; css=&#8221;.vc_custom_1714197146063{margin-top: 50px !important;}&#8221;][vc_column]<div class=\"pix-el-text w-100   vc_custom_1741591303078\" ><p class=\"text-20  text-gray-9  font-weight-bold\" >Within the scope of its sustainability efforts, Tripy continues to continuously renew and improve its activities for its employees, stakeholders, society, environment and economy.<\/p><\/div><div class=\"accordion w-100 accordion-card bg-white2 rounded-lg2 \" id=\"accordion-1714197324329-6993159f-2803\"><div class=\"card \">\n           <div class=\"card-header bg-white pix-mb-10 shadow-sm rounded-lg\" id=\"heading1714197324354-559ab58c-62671741591252313\">\n               <button class=\"btn btn-link text-left rounded-lg bg-primary\" type=\"button\" data-toggle=\"collapse\" data-target=\"#collapse1714197324354-559ab58c-62671741591252313\" aria-expanded=\"true\" aria-controls=\"collapse1714197324354-559ab58c-62671741591252313\" ><i class=\"pixicon-file-text text-white text-20 pix-mr-10\" ><\/i> <span class=\"font-weight-bold text-white\" >Integrated Management System Policy<\/span><\/button>\n           <\/div>\n           <div id=\"collapse1714197324354-559ab58c-62671741591252313\" class=\"collapse  \" aria-labelledby=\"heading1714197324354-559ab58c-62671741591252313\">\n             <div class=\"card-body\">\n                 <a  href=\"https:\/\/tripy.mobi\/en\/our-policies\/integrated-management-system-policy\/\" class=\"btn mb-2     text-gray-9 btn-underline-primary d-inline-block      btn-lg\"     ><i class=\"font-weight-bold pixicon-file-text   mr-1\"><\/i> <span class=\"font-weight-bold  text-gray-9\" >Integrated Management System Policy<\/span><\/a>\n             <\/div>\n           <\/div>\n         <\/div><div class=\"card \">\n           <div class=\"card-header bg-white pix-mb-10 shadow-sm rounded-lg\" id=\"heading1714197476702-9bf01aac-562d1741591252313\">\n               <button class=\"btn btn-link text-left rounded-lg bg-primary\" type=\"button\" data-toggle=\"collapse\" data-target=\"#collapse1714197476702-9bf01aac-562d1741591252313\" aria-expanded=\"true\" aria-controls=\"collapse1714197476702-9bf01aac-562d1741591252313\" ><i class=\"pixicon-file-text text-white text-20 pix-mr-10\" ><\/i> <span class=\"font-weight-bold text-white\" >Information Security Management System Policy<\/span><\/button>\n           <\/div>\n           <div id=\"collapse1714197476702-9bf01aac-562d1741591252313\" class=\"collapse  \" aria-labelledby=\"heading1714197476702-9bf01aac-562d1741591252313\">\n             <div class=\"card-body\">\n                 <a  href=\"https:\/\/tripy.mobi\/en\/our-policies\/information-security-management-system-policy\/\" class=\"btn mb-2     text-gray-9 btn-underline-primary d-inline-block      btn-lg\"     ><i class=\"font-weight-bold pixicon-file-text   mr-1\"><\/i> <span class=\"font-weight-bold  text-gray-9\" >Information Security Management System Policy<\/span><\/a>\n             <\/div>\n           <\/div>\n         <\/div><div class=\"card \">\n           <div class=\"card-header bg-white pix-mb-10 shadow-sm rounded-lg\" id=\"heading1714197592782-565df93f-86561741591252313\">\n               <button class=\"btn btn-link text-left rounded-lg bg-primary\" type=\"button\" data-toggle=\"collapse\" data-target=\"#collapse1714197592782-565df93f-86561741591252313\" aria-expanded=\"true\" aria-controls=\"collapse1714197592782-565df93f-86561741591252313\" ><i class=\"pixicon-file-text text-white text-20 pix-mr-10\" ><\/i> <span class=\"font-weight-bold text-white\" >Our Human Resources Policy<\/span><\/button>\n           <\/div>\n           <div id=\"collapse1714197592782-565df93f-86561741591252313\" class=\"collapse  \" aria-labelledby=\"heading1714197592782-565df93f-86561741591252313\">\n             <div class=\"card-body\">\n                 <a  href=\"https:\/\/tripy.mobi\/en\/our-policies\/our-human-resources-policy\/\" class=\"btn mb-2     btn-underline-gray-9 d-inline-block      btn-lg\"     ><i class=\"font-weight-bold pixicon-file-text   mr-1\"><\/i> <span class=\"font-weight-bold \" >Our Human Resources Policy<\/span><\/a>\n             <\/div>\n           <\/div>\n         <\/div><\/div>[\/vc_column][\/vc_row][\/vc_section]<\/section>","protected":false},"excerpt":{"rendered":"[vc_section full_width=&#8221;stretch_row&#8221; pix_over_visibility=&#8221;&#8221; bottom_divider_select=&#8221;19&#8243; bottom_layers=&#8221;1&#8243; b_has_animation=&#8221;true&#8221; css=&#8221;.vc_custom_1741588054981{padding-top: 40px !important;padding-bottom: 40px !important;background-color: #f7f7f7 !important;}&#8221;][vc_row content_placement=&#8221;middle&#8221; pix_particles_check=&#8221;&#8221; css=&#8221;.vc_custom_1714197146063{margin-top: 50px !important;}&#8221;][vc_column][\/vc_column][\/vc_row][\/vc_section]","protected":false},"author":2,"featured_media":0,"parent":0,"menu_order":0,"comment_status":"closed","ping_status":"closed","template":"","meta":{"inline_featured_image":false,"footnotes":""},"class_list":["post-15511","page","type-page","status-publish","hentry"],"yoast_head":"<!-- This site is optimized with the Yoast SEO Premium plugin v25.8 (Yoast SEO v25.9) - https:\/\/yoast.com\/wordpress\/plugins\/seo\/ -->\n<title>Our Policies &#8212; Tripy<\/title>\n<meta name=\"robots\" content=\"index, follow, max-snippet:-1, max-image-preview:large, max-video-preview:-1\" \/>\n<link rel=\"canonical\" href=\"https:\/\/tripy.mobi\/politikalarimiz\/\" \/>\n<meta property=\"og:locale\" content=\"en_US\" \/>\n<meta property=\"og:type\" content=\"article\" \/>\n<meta property=\"og:title\" content=\"Our Policies\" \/>\n<meta property=\"og:description\" content=\"[vc_section full_width=&#8221;stretch_row&#8221; pix_over_visibility=&#8221;&#8221; bottom_divider_select=&#8221;19&#8243; bottom_layers=&#8221;1&#8243; b_has_animation=&#8221;true&#8221; css=&#8221;.vc_custom_1741588054981{padding-top: 40px !important;padding-bottom: 40px !important;background-color: #f7f7f7 !important;}&#8221;][vc_row content_placement=&#8221;middle&#8221; pix_particles_check=&#8221;&#8221; css=&#8221;.vc_custom_1714197146063{margin-top: 50px !important;}&#8221;][vc_column][\/vc_column][\/vc_row][\/vc_section]\" \/>\n<meta property=\"og:url\" content=\"https:\/\/tripy.mobi\/politikalarimiz\/\" \/>\n<meta property=\"og:site_name\" content=\"Tripy\" \/>\n<meta property=\"article:modified_time\" content=\"2025-03-12T09:50:19+00:00\" \/>\n<meta property=\"og:image\" content=\"https:\/\/tripy.mobi\/wp-content\/uploads\/2024\/03\/tripy-bike-1.webp\" \/>\n\t<meta property=\"og:image:width\" content=\"1442\" \/>\n\t<meta property=\"og:image:height\" content=\"1018\" \/>\n\t<meta property=\"og:image:type\" content=\"image\/webp\" \/>\n<meta name=\"twitter:card\" content=\"summary_large_image\" \/>\n<meta name=\"twitter:site\" content=\"@tripymobility\" \/>\n<script type=\"application\/ld+json\" class=\"yoast-schema-graph\">{\"@context\":\"https:\/\/schema.org\",\"@graph\":[{\"@type\":\"WebPage\",\"@id\":\"https:\/\/tripy.mobi\/politikalarimiz\/\",\"url\":\"https:\/\/tripy.mobi\/politikalarimiz\/\",\"name\":\"Our Policies &#8212; Tripy\",\"isPartOf\":{\"@id\":\"https:\/\/tripy.mobi\/#website\"},\"datePublished\":\"2025-03-10T07:22:15+00:00\",\"dateModified\":\"2025-03-12T09:50:19+00:00\",\"breadcrumb\":{\"@id\":\"https:\/\/tripy.mobi\/politikalarimiz\/#breadcrumb\"},\"inLanguage\":\"en-US\",\"potentialAction\":[{\"@type\":\"ReadAction\",\"target\":[\"https:\/\/tripy.mobi\/politikalarimiz\/\"]}]},{\"@type\":\"BreadcrumbList\",\"@id\":\"https:\/\/tripy.mobi\/politikalarimiz\/#breadcrumb\",\"itemListElement\":[{\"@type\":\"ListItem\",\"position\":1,\"name\":\"Home\",\"item\":\"https:\/\/tripy.mobi\/en\/\"},{\"@type\":\"ListItem\",\"position\":2,\"name\":\"Our Policies\"}]},{\"@type\":\"WebSite\",\"@id\":\"https:\/\/tripy.mobi\/#website\",\"url\":\"https:\/\/tripy.mobi\/\",\"name\":\"Tripy\",\"description\":\"The Future of Mobility!\",\"publisher\":{\"@id\":\"https:\/\/tripy.mobi\/#organization\"},\"alternateName\":\"Payla\u015f\u0131ml\u0131 Elektrikli Bisiklet - \u0130zmir, Eski\u015fehir, Sakarya, Konya\",\"potentialAction\":[{\"@type\":\"SearchAction\",\"target\":{\"@type\":\"EntryPoint\",\"urlTemplate\":\"https:\/\/tripy.mobi\/?s={search_term_string}\"},\"query-input\":{\"@type\":\"PropertyValueSpecification\",\"valueRequired\":true,\"valueName\":\"search_term_string\"}}],\"inLanguage\":\"en-US\"},{\"@type\":\"Organization\",\"@id\":\"https:\/\/tripy.mobi\/#organization\",\"name\":\"Tripy Mobility A.\u015e.\",\"alternateName\":\"Tripy\",\"url\":\"https:\/\/tripy.mobi\/\",\"logo\":{\"@type\":\"ImageObject\",\"inLanguage\":\"en-US\",\"@id\":\"https:\/\/tripy.mobi\/#\/schema\/logo\/image\/\",\"url\":\"https:\/\/tripy.mobi\/wp-content\/uploads\/2024\/04\/tripy-logo-2.svg\",\"contentUrl\":\"https:\/\/tripy.mobi\/wp-content\/uploads\/2024\/04\/tripy-logo-2.svg\",\"width\":\"1024\",\"height\":\"1024\",\"caption\":\"Tripy Mobility A.\u015e.\"},\"image\":{\"@id\":\"https:\/\/tripy.mobi\/#\/schema\/logo\/image\/\"},\"sameAs\":[\"https:\/\/x.com\/tripymobility\",\"https:\/\/www.linkedin.com\/company\/tripymobility\/\",\"https:\/\/www.instagram.com\/tripymobility\/\"],\"email\":\"destek@tripy.mobi\",\"telephone\":\"0850 208 38 98\",\"legalName\":\"Tripy Mobility A.\u015e.\"}]}<\/script>\n<!-- \/ Yoast SEO Premium plugin. -->","yoast_head_json":{"title":"Our Policies &#8212; Tripy","robots":{"index":"index","follow":"follow","max-snippet":"max-snippet:-1","max-image-preview":"max-image-preview:large","max-video-preview":"max-video-preview:-1"},"canonical":"https:\/\/tripy.mobi\/politikalarimiz\/","og_locale":"en_US","og_type":"article","og_title":"Our Policies","og_description":"[vc_section full_width=&#8221;stretch_row&#8221; pix_over_visibility=&#8221;&#8221; bottom_divider_select=&#8221;19&#8243; bottom_layers=&#8221;1&#8243; b_has_animation=&#8221;true&#8221; css=&#8221;.vc_custom_1741588054981{padding-top: 40px !important;padding-bottom: 40px !important;background-color: #f7f7f7 !important;}&#8221;][vc_row content_placement=&#8221;middle&#8221; pix_particles_check=&#8221;&#8221; css=&#8221;.vc_custom_1714197146063{margin-top: 50px !important;}&#8221;][vc_column][\/vc_column][\/vc_row][\/vc_section]","og_url":"https:\/\/tripy.mobi\/politikalarimiz\/","og_site_name":"Tripy","article_modified_time":"2025-03-12T09:50:19+00:00","og_image":[{"width":1442,"height":1018,"url":"https:\/\/tripy.mobi\/wp-content\/uploads\/2024\/03\/tripy-bike-1.webp","type":"image\/webp"}],"twitter_card":"summary_large_image","twitter_site":"@tripymobility","schema":{"@context":"https:\/\/schema.org","@graph":[{"@type":"WebPage","@id":"https:\/\/tripy.mobi\/politikalarimiz\/","url":"https:\/\/tripy.mobi\/politikalarimiz\/","name":"Our Policies &#8212; Tripy","isPartOf":{"@id":"https:\/\/tripy.mobi\/#website"},"datePublished":"2025-03-10T07:22:15+00:00","dateModified":"2025-03-12T09:50:19+00:00","breadcrumb":{"@id":"https:\/\/tripy.mobi\/politikalarimiz\/#breadcrumb"},"inLanguage":"en-US","potentialAction":[{"@type":"ReadAction","target":["https:\/\/tripy.mobi\/politikalarimiz\/"]}]},{"@type":"BreadcrumbList","@id":"https:\/\/tripy.mobi\/politikalarimiz\/#breadcrumb","itemListElement":[{"@type":"ListItem","position":1,"name":"Home","item":"https:\/\/tripy.mobi\/en\/"},{"@type":"ListItem","position":2,"name":"Our Policies"}]},{"@type":"WebSite","@id":"https:\/\/tripy.mobi\/#website","url":"https:\/\/tripy.mobi\/","name":"Tripy","description":"The Future of Mobility!","publisher":{"@id":"https:\/\/tripy.mobi\/#organization"},"alternateName":"Payla\u015f\u0131ml\u0131 Elektrikli Bisiklet - \u0130zmir, Eski\u015fehir, Sakarya, Konya","potentialAction":[{"@type":"SearchAction","target":{"@type":"EntryPoint","urlTemplate":"https:\/\/tripy.mobi\/?s={search_term_string}"},"query-input":{"@type":"PropertyValueSpecification","valueRequired":true,"valueName":"search_term_string"}}],"inLanguage":"en-US"},{"@type":"Organization","@id":"https:\/\/tripy.mobi\/#organization","name":"Tripy Mobility A.\u015e.","alternateName":"Tripy","url":"https:\/\/tripy.mobi\/","logo":{"@type":"ImageObject","inLanguage":"en-US","@id":"https:\/\/tripy.mobi\/#\/schema\/logo\/image\/","url":"https:\/\/tripy.mobi\/wp-content\/uploads\/2024\/04\/tripy-logo-2.svg","contentUrl":"https:\/\/tripy.mobi\/wp-content\/uploads\/2024\/04\/tripy-logo-2.svg","width":"1024","height":"1024","caption":"Tripy Mobility A.\u015e."},"image":{"@id":"https:\/\/tripy.mobi\/#\/schema\/logo\/image\/"},"sameAs":["https:\/\/x.com\/tripymobility","https:\/\/www.linkedin.com\/company\/tripymobility\/","https:\/\/www.instagram.com\/tripymobility\/"],"email":"destek@tripy.mobi","telephone":"0850 208 38 98","legalName":"Tripy Mobility A.\u015e."}]}},"_links":{"self":[{"href":"https:\/\/tripy.mobi\/en\/wp-json\/wp\/v2\/pages\/15511","targetHints":{"allow":["GET"]}}],"collection":[{"href":"https:\/\/tripy.mobi\/en\/wp-json\/wp\/v2\/pages"}],"about":[{"href":"https:\/\/tripy.mobi\/en\/wp-json\/wp\/v2\/types\/page"}],"author":[{"embeddable":true,"href":"https:\/\/tripy.mobi\/en\/wp-json\/wp\/v2\/users\/2"}],"replies":[{"embeddable":true,"href":"https:\/\/tripy.mobi\/en\/wp-json\/wp\/v2\/comments?post=15511"}],"version-history":[{"count":8,"href":"https:\/\/tripy.mobi\/en\/wp-json\/wp\/v2\/pages\/15511\/revisions"}],"predecessor-version":[{"id":15599,"href":"https:\/\/tripy.mobi\/en\/wp-json\/wp\/v2\/pages\/15511\/revisions\/15599"}],"wp:attachment":[{"href":"https:\/\/tripy.mobi\/en\/wp-json\/wp\/v2\/media?parent=15511"}],"curies":[{"name":"wp","href":"https:\/\/api.w.org\/{rel}","templated":true}]}}