{"id":15712,"date":"2025-06-04T13:02:06","date_gmt":"2025-06-04T10:02:06","guid":{"rendered":"https:\/\/tripy.mobi\/media-kit\/"},"modified":"2025-06-04T13:22:48","modified_gmt":"2025-06-04T10:22:48","slug":"media-kit","status":"publish","type":"page","link":"https:\/\/tripy.mobi\/en\/media-kit\/","title":{"rendered":"Media Kit"},"content":{"rendered":"<section class=\"wpb-content-wrapper\">[vc_section full_width=&#8221;stretch_row&#8221; pix_over_visibility=&#8221;&#8221;][vc_row content_placement=&#8221;middle&#8221; pix_particles_check=&#8221;&#8221; css=&#8221;.vc_custom_1714197146063{margin-top: 50px !important;}&#8221;][vc_column]<div class=\"accordion w-100 accordion-card bg-white2 rounded-lg2 \" id=\"accordion-1714197324329-6993159f-2803\"><div class=\"card \">\n           <div class=\"card-header bg-white pix-mb-10 shadow-sm rounded-lg\" id=\"heading1714197324354-559ab58c-62671742723259018\">\n               <button class=\"btn btn-link text-left rounded-lg bg-primary\" type=\"button\" data-toggle=\"collapse\" data-target=\"#collapse1714197324354-559ab58c-62671742723259018\" aria-expanded=\"true\" aria-controls=\"collapse1714197324354-559ab58c-62671742723259018\" ><i class=\"pixicon-file-text text-white text-20 pix-mr-10\" ><\/i> <span class=\"font-weight-bold text-white\" >Tripy - Shared Electric Bike<\/span><\/button>\n           <\/div>\n           <div id=\"collapse1714197324354-559ab58c-62671742723259018\" class=\"collapse  \" aria-labelledby=\"heading1714197324354-559ab58c-62671742723259018\">\n             <div class=\"card-body\">\n                 <a  href=\"https:\/\/tripy.mobi\/wp-content\/uploads\/2025\/06\/TRP-EB3-ENG.pdf\" class=\"btn mb-2    vc_custom_1749031665091  text-heading-default btn-underline-primary d-block w-100   text-left    btn-lg\" target=\"_blank\" rel=\"noopener\"    ><i class=\"font-weight-bold pixicon-file-text   mr-1\"><\/i> <span class=\"font-weight-bold  text-heading-default\" >Tripy - Shared Electric Bike<\/span><\/a>\n             <\/div>\n           <\/div>\n         <\/div><div class=\"card \">\n           <div class=\"card-header bg-white pix-mb-10 shadow-sm rounded-lg\" id=\"heading1714197476702-9bf01aac-562d1742723259018\">\n               <button class=\"btn btn-link text-left rounded-lg bg-primary\" type=\"button\" data-toggle=\"collapse\" data-target=\"#collapse1714197476702-9bf01aac-562d1742723259018\" aria-expanded=\"true\" aria-controls=\"collapse1714197476702-9bf01aac-562d1742723259018\" ><i class=\"pixicon-file-text text-white text-20 pix-mr-10\" ><\/i> <span class=\"font-weight-bold text-white\" >Tripy - Electric Bike Charging Station<\/span><\/button>\n           <\/div>\n           <div id=\"collapse1714197476702-9bf01aac-562d1742723259018\" class=\"collapse  \" aria-labelledby=\"heading1714197476702-9bf01aac-562d1742723259018\">\n             <div class=\"card-body\">\n                 <div class=\"d-block w-100 text-left\"><a  href=\"https:\/\/tripy.mobi\/wp-content\/uploads\/2025\/06\/TRP-CS1-ENG.pdf\" class=\"btn mb-2    vc_custom_1749031653270  text-heading-default btn-underline-primary d-block w-100   text-left    pix-btn-div btn-lg\" target=\"_blank\" rel=\"noopener\"    ><i class=\"font-weight-bold pixicon-file-text   mr-1\"><\/i> <span class=\"font-weight-bold  text-heading-default\" >Tripy - Electric Bike Charging Station<\/span><\/a><\/div>\n             <\/div>\n           <\/div>\n         <\/div><\/div><div class=\"accordion w-100 accordion-card bg-white2 rounded-lg2 \" id=\"accordion-1749027067432-998e5b96-f6ab\"><div class=\"card \">\n           <div class=\"card-header bg-white pix-mb-10 shadow-sm rounded-lg\" id=\"heading1749027067432-26279af1-6f39\">\n               <button class=\"btn btn-link text-left rounded-lg bg-primary\" type=\"button\" data-toggle=\"collapse\" data-target=\"#collapse1749027067432-26279af1-6f39\" aria-expanded=\"true\" aria-controls=\"collapse1749027067432-26279af1-6f39\" ><i class=\"pixicon-file-text text-white text-20 pix-mr-10\" ><\/i> <span class=\"font-weight-bold text-white\" >Tripy - Shared Electric Vehicle Software<\/span><\/button>\n           <\/div>\n           <div id=\"collapse1749027067432-26279af1-6f39\" class=\"collapse  \" aria-labelledby=\"heading1749027067432-26279af1-6f39\">\n             <div class=\"card-body\">\n                 <a  href=\"https:\/\/tripy.mobi\/wp-content\/uploads\/2025\/06\/Tripy-Shared-Electric-Vehicle-Software-ENG.pdf\" class=\"btn mb-2    vc_custom_1749032127179  text-heading-default btn-underline-primary d-block w-100   text-left    btn-lg\" target=\"_blank\" rel=\"noopener\"    ><i class=\"font-weight-bold pixicon-file-text   mr-1\"><\/i> <span class=\"font-weight-bold  text-heading-default\" >Tripy - Shared Electric Vehicle Software<\/span><\/a>\n             <\/div>\n           <\/div>\n         <\/div><\/div>[\/vc_column][\/vc_row][\/vc_section]<\/section>","protected":false},"excerpt":{"rendered":"[vc_section full_width=&#8221;stretch_row&#8221; pix_over_visibility=&#8221;&#8221;][vc_row content_placement=&#8221;middle&#8221; pix_particles_check=&#8221;&#8221; css=&#8221;.vc_custom_1714197146063{margin-top: 50px !important;}&#8221;][vc_column][\/vc_column][\/vc_row][\/vc_section]","protected":false},"author":2,"featured_media":0,"parent":0,"menu_order":0,"comment_status":"closed","ping_status":"closed","template":"","meta":{"inline_featured_image":false,"footnotes":""},"class_list":["post-15712","page","type-page","status-publish","hentry"],"yoast_head":"<!-- This site is optimized with the Yoast SEO Premium plugin v25.8 (Yoast SEO v25.9) - https:\/\/yoast.com\/wordpress\/plugins\/seo\/ -->\n<title>Media Kit &#8212; Tripy<\/title>\n<meta name=\"robots\" content=\"index, follow, max-snippet:-1, max-image-preview:large, max-video-preview:-1\" \/>\n<link rel=\"canonical\" href=\"https:\/\/tripy.mobi\/medya-kiti\/\" \/>\n<meta property=\"og:locale\" content=\"en_US\" \/>\n<meta property=\"og:type\" content=\"article\" \/>\n<meta property=\"og:title\" content=\"Media Kit\" \/>\n<meta property=\"og:description\" content=\"[vc_section full_width=&#8221;stretch_row&#8221; pix_over_visibility=&#8221;&#8221;][vc_row content_placement=&#8221;middle&#8221; pix_particles_check=&#8221;&#8221; css=&#8221;.vc_custom_1714197146063{margin-top: 50px !important;}&#8221;][vc_column][\/vc_column][\/vc_row][\/vc_section]\" \/>\n<meta property=\"og:url\" content=\"https:\/\/tripy.mobi\/medya-kiti\/\" \/>\n<meta property=\"og:site_name\" content=\"Tripy\" \/>\n<meta property=\"article:modified_time\" content=\"2025-06-04T10:22:48+00:00\" \/>\n<meta property=\"og:image\" content=\"https:\/\/tripy.mobi\/wp-content\/uploads\/2024\/03\/tripy-bike-1.webp\" \/>\n\t<meta property=\"og:image:width\" content=\"1442\" \/>\n\t<meta property=\"og:image:height\" content=\"1018\" \/>\n\t<meta property=\"og:image:type\" content=\"image\/webp\" \/>\n<meta name=\"twitter:card\" content=\"summary_large_image\" \/>\n<meta name=\"twitter:site\" content=\"@tripymobility\" \/>\n<script type=\"application\/ld+json\" class=\"yoast-schema-graph\">{\"@context\":\"https:\/\/schema.org\",\"@graph\":[{\"@type\":\"WebPage\",\"@id\":\"https:\/\/tripy.mobi\/medya-kiti\/\",\"url\":\"https:\/\/tripy.mobi\/medya-kiti\/\",\"name\":\"Media Kit &#8212; Tripy\",\"isPartOf\":{\"@id\":\"https:\/\/tripy.mobi\/#website\"},\"datePublished\":\"2025-06-04T10:02:06+00:00\",\"dateModified\":\"2025-06-04T10:22:48+00:00\",\"breadcrumb\":{\"@id\":\"https:\/\/tripy.mobi\/medya-kiti\/#breadcrumb\"},\"inLanguage\":\"en-US\",\"potentialAction\":[{\"@type\":\"ReadAction\",\"target\":[\"https:\/\/tripy.mobi\/medya-kiti\/\"]}]},{\"@type\":\"BreadcrumbList\",\"@id\":\"https:\/\/tripy.mobi\/medya-kiti\/#breadcrumb\",\"itemListElement\":[{\"@type\":\"ListItem\",\"position\":1,\"name\":\"Home\",\"item\":\"https:\/\/tripy.mobi\/en\/\"},{\"@type\":\"ListItem\",\"position\":2,\"name\":\"Media Kit\"}]},{\"@type\":\"WebSite\",\"@id\":\"https:\/\/tripy.mobi\/#website\",\"url\":\"https:\/\/tripy.mobi\/\",\"name\":\"Tripy\",\"description\":\"The Future of Mobility!\",\"publisher\":{\"@id\":\"https:\/\/tripy.mobi\/#organization\"},\"alternateName\":\"Payla\u015f\u0131ml\u0131 Elektrikli Bisiklet - \u0130zmir, Eski\u015fehir, Sakarya, Konya\",\"potentialAction\":[{\"@type\":\"SearchAction\",\"target\":{\"@type\":\"EntryPoint\",\"urlTemplate\":\"https:\/\/tripy.mobi\/?s={search_term_string}\"},\"query-input\":{\"@type\":\"PropertyValueSpecification\",\"valueRequired\":true,\"valueName\":\"search_term_string\"}}],\"inLanguage\":\"en-US\"},{\"@type\":\"Organization\",\"@id\":\"https:\/\/tripy.mobi\/#organization\",\"name\":\"Tripy Mobility A.\u015e.\",\"alternateName\":\"Tripy\",\"url\":\"https:\/\/tripy.mobi\/\",\"logo\":{\"@type\":\"ImageObject\",\"inLanguage\":\"en-US\",\"@id\":\"https:\/\/tripy.mobi\/#\/schema\/logo\/image\/\",\"url\":\"https:\/\/tripy.mobi\/wp-content\/uploads\/2024\/04\/tripy-logo-2.svg\",\"contentUrl\":\"https:\/\/tripy.mobi\/wp-content\/uploads\/2024\/04\/tripy-logo-2.svg\",\"width\":\"1024\",\"height\":\"1024\",\"caption\":\"Tripy Mobility A.\u015e.\"},\"image\":{\"@id\":\"https:\/\/tripy.mobi\/#\/schema\/logo\/image\/\"},\"sameAs\":[\"https:\/\/x.com\/tripymobility\",\"https:\/\/www.linkedin.com\/company\/tripymobility\/\",\"https:\/\/www.instagram.com\/tripymobility\/\"],\"email\":\"destek@tripy.mobi\",\"telephone\":\"0850 208 38 98\",\"legalName\":\"Tripy Mobility A.\u015e.\"}]}<\/script>\n<!-- \/ Yoast SEO Premium plugin. -->","yoast_head_json":{"title":"Media Kit &#8212; Tripy","robots":{"index":"index","follow":"follow","max-snippet":"max-snippet:-1","max-image-preview":"max-image-preview:large","max-video-preview":"max-video-preview:-1"},"canonical":"https:\/\/tripy.mobi\/medya-kiti\/","og_locale":"en_US","og_type":"article","og_title":"Media Kit","og_description":"[vc_section full_width=&#8221;stretch_row&#8221; pix_over_visibility=&#8221;&#8221;][vc_row content_placement=&#8221;middle&#8221; pix_particles_check=&#8221;&#8221; css=&#8221;.vc_custom_1714197146063{margin-top: 50px !important;}&#8221;][vc_column][\/vc_column][\/vc_row][\/vc_section]","og_url":"https:\/\/tripy.mobi\/medya-kiti\/","og_site_name":"Tripy","article_modified_time":"2025-06-04T10:22:48+00:00","og_image":[{"width":1442,"height":1018,"url":"https:\/\/tripy.mobi\/wp-content\/uploads\/2024\/03\/tripy-bike-1.webp","type":"image\/webp"}],"twitter_card":"summary_large_image","twitter_site":"@tripymobility","schema":{"@context":"https:\/\/schema.org","@graph":[{"@type":"WebPage","@id":"https:\/\/tripy.mobi\/medya-kiti\/","url":"https:\/\/tripy.mobi\/medya-kiti\/","name":"Media Kit &#8212; Tripy","isPartOf":{"@id":"https:\/\/tripy.mobi\/#website"},"datePublished":"2025-06-04T10:02:06+00:00","dateModified":"2025-06-04T10:22:48+00:00","breadcrumb":{"@id":"https:\/\/tripy.mobi\/medya-kiti\/#breadcrumb"},"inLanguage":"en-US","potentialAction":[{"@type":"ReadAction","target":["https:\/\/tripy.mobi\/medya-kiti\/"]}]},{"@type":"BreadcrumbList","@id":"https:\/\/tripy.mobi\/medya-kiti\/#breadcrumb","itemListElement":[{"@type":"ListItem","position":1,"name":"Home","item":"https:\/\/tripy.mobi\/en\/"},{"@type":"ListItem","position":2,"name":"Media Kit"}]},{"@type":"WebSite","@id":"https:\/\/tripy.mobi\/#website","url":"https:\/\/tripy.mobi\/","name":"Tripy","description":"The Future of Mobility!","publisher":{"@id":"https:\/\/tripy.mobi\/#organization"},"alternateName":"Payla\u015f\u0131ml\u0131 Elektrikli Bisiklet - \u0130zmir, Eski\u015fehir, Sakarya, Konya","potentialAction":[{"@type":"SearchAction","target":{"@type":"EntryPoint","urlTemplate":"https:\/\/tripy.mobi\/?s={search_term_string}"},"query-input":{"@type":"PropertyValueSpecification","valueRequired":true,"valueName":"search_term_string"}}],"inLanguage":"en-US"},{"@type":"Organization","@id":"https:\/\/tripy.mobi\/#organization","name":"Tripy Mobility A.\u015e.","alternateName":"Tripy","url":"https:\/\/tripy.mobi\/","logo":{"@type":"ImageObject","inLanguage":"en-US","@id":"https:\/\/tripy.mobi\/#\/schema\/logo\/image\/","url":"https:\/\/tripy.mobi\/wp-content\/uploads\/2024\/04\/tripy-logo-2.svg","contentUrl":"https:\/\/tripy.mobi\/wp-content\/uploads\/2024\/04\/tripy-logo-2.svg","width":"1024","height":"1024","caption":"Tripy Mobility A.\u015e."},"image":{"@id":"https:\/\/tripy.mobi\/#\/schema\/logo\/image\/"},"sameAs":["https:\/\/x.com\/tripymobility","https:\/\/www.linkedin.com\/company\/tripymobility\/","https:\/\/www.instagram.com\/tripymobility\/"],"email":"destek@tripy.mobi","telephone":"0850 208 38 98","legalName":"Tripy Mobility A.\u015e."}]}},"_links":{"self":[{"href":"https:\/\/tripy.mobi\/en\/wp-json\/wp\/v2\/pages\/15712","targetHints":{"allow":["GET"]}}],"collection":[{"href":"https:\/\/tripy.mobi\/en\/wp-json\/wp\/v2\/pages"}],"about":[{"href":"https:\/\/tripy.mobi\/en\/wp-json\/wp\/v2\/types\/page"}],"author":[{"embeddable":true,"href":"https:\/\/tripy.mobi\/en\/wp-json\/wp\/v2\/users\/2"}],"replies":[{"embeddable":true,"href":"https:\/\/tripy.mobi\/en\/wp-json\/wp\/v2\/comments?post=15712"}],"version-history":[{"count":2,"href":"https:\/\/tripy.mobi\/en\/wp-json\/wp\/v2\/pages\/15712\/revisions"}],"predecessor-version":[{"id":15714,"href":"https:\/\/tripy.mobi\/en\/wp-json\/wp\/v2\/pages\/15712\/revisions\/15714"}],"wp:attachment":[{"href":"https:\/\/tripy.mobi\/en\/wp-json\/wp\/v2\/media?parent=15712"}],"curies":[{"name":"wp","href":"https:\/\/api.w.org\/{rel}","templated":true}]}}